{"id":3258,"date":"2022-07-20T16:08:50","date_gmt":"2022-07-20T14:08:50","guid":{"rendered":"https:\/\/innwerk.org\/?page_id=3258"},"modified":"2022-07-20T16:16:20","modified_gmt":"2022-07-20T14:16:20","slug":"laengerfristige-projekte","status":"publish","type":"page","link":"https:\/\/innwerk.org\/en\/laengerfristige-projekte\/","title":{"rendered":"L\u00e4ngerfristige Projekte"},"content":{"rendered":"<div data-elementor-type=\"wp-page\" data-elementor-id=\"3258\" class=\"elementor elementor-3258\">\n\t\t\t\t\t\t<section class=\"elementor-section elementor-top-section elementor-element elementor-element-d6f479c elementor-section-boxed elementor-section-height-default elementor-section-height-default\" data-id=\"d6f479c\" data-element_type=\"section\" data-e-type=\"section\">\n\t\t\t\t\t\t<div class=\"elementor-container elementor-column-gap-default\">\n\t\t\t\t\t<div class=\"elementor-column elementor-col-100 elementor-top-column elementor-element elementor-element-8389db6\" data-id=\"8389db6\" data-element_type=\"column\" data-e-type=\"column\">\n\t\t\t<div class=\"elementor-widget-wrap elementor-element-populated\">\n\t\t\t\t\t\t<div class=\"elementor-element elementor-element-af00249 elementor-widget elementor-widget-spacer\" data-id=\"af00249\" data-element_type=\"widget\" data-e-type=\"widget\" data-widget_type=\"spacer.default\">\n\t\t\t\t<div class=\"elementor-widget-container\">\n\t\t\t\t\t\t\t<div class=\"elementor-spacer\">\n\t\t\t<div class=\"elementor-spacer-inner\"><\/div>\n\t\t<\/div>\n\t\t\t\t\t\t<\/div>\n\t\t\t\t<\/div>\n\t\t\t\t\t<\/div>\n\t\t<\/div>\n\t\t\t\t\t<\/div>\n\t\t<\/section>\n\t\t\t\t<section class=\"elementor-section elementor-top-section elementor-element elementor-element-17d4248 elementor-section-boxed elementor-section-height-default elementor-section-height-default\" data-id=\"17d4248\" data-element_type=\"section\" data-e-type=\"section\">\n\t\t\t\t\t\t<div class=\"elementor-container elementor-column-gap-default\">\n\t\t\t\t\t<div class=\"elementor-column elementor-col-100 elementor-top-column elementor-element elementor-element-d162675\" data-id=\"d162675\" data-element_type=\"column\" data-e-type=\"column\">\n\t\t\t<div class=\"elementor-widget-wrap elementor-element-populated\">\n\t\t\t\t\t\t<div class=\"elementor-element elementor-element-e57a4c4 elementor-widget elementor-widget-heading\" data-id=\"e57a4c4\" data-element_type=\"widget\" data-e-type=\"widget\" data-widget_type=\"heading.default\">\n\t\t\t\t<div class=\"elementor-widget-container\">\n\t\t\t\t\t<h2 class=\"elementor-heading-title elementor-size-default\">Das lange Werkeln...<\/h2>\t\t\t\t<\/div>\n\t\t\t\t<\/div>\n\t\t\t\t\t<\/div>\n\t\t<\/div>\n\t\t\t\t\t<\/div>\n\t\t<\/section>\n\t\t\t\t<section class=\"elementor-section elementor-top-section elementor-element elementor-element-8aa8690 elementor-section-boxed elementor-section-height-default elementor-section-height-default\" data-id=\"8aa8690\" data-element_type=\"section\" data-e-type=\"section\">\n\t\t\t\t\t\t<div class=\"elementor-container elementor-column-gap-default\">\n\t\t\t\t\t<div class=\"elementor-column elementor-col-100 elementor-top-column elementor-element elementor-element-43b7045\" data-id=\"43b7045\" data-element_type=\"column\" data-e-type=\"column\">\n\t\t\t<div class=\"elementor-widget-wrap elementor-element-populated\">\n\t\t\t\t\t\t<div class=\"elementor-element elementor-element-058bc09 elementor-widget elementor-widget-spacer\" data-id=\"058bc09\" data-element_type=\"widget\" data-e-type=\"widget\" data-widget_type=\"spacer.default\">\n\t\t\t\t<div class=\"elementor-widget-container\">\n\t\t\t\t\t\t\t<div class=\"elementor-spacer\">\n\t\t\t<div class=\"elementor-spacer-inner\"><\/div>\n\t\t<\/div>\n\t\t\t\t\t\t<\/div>\n\t\t\t\t<\/div>\n\t\t\t\t\t<\/div>\n\t\t<\/div>\n\t\t\t\t\t<\/div>\n\t\t<\/section>\n\t\t\t\t<section class=\"elementor-section elementor-top-section elementor-element elementor-element-69249ef elementor-section-boxed elementor-section-height-default elementor-section-height-default\" data-id=\"69249ef\" data-element_type=\"section\" data-e-type=\"section\">\n\t\t\t\t\t\t<div class=\"elementor-container elementor-column-gap-default\">\n\t\t\t\t\t<div class=\"elementor-column elementor-col-100 elementor-top-column elementor-element elementor-element-b79f4d2\" data-id=\"b79f4d2\" data-element_type=\"column\" data-e-type=\"column\">\n\t\t\t<div class=\"elementor-widget-wrap elementor-element-populated\">\n\t\t\t\t\t\t<div class=\"elementor-element elementor-element-ce533c0 elementor-widget elementor-widget-text-editor\" data-id=\"ce533c0\" data-element_type=\"widget\" data-e-type=\"widget\" data-widget_type=\"text-editor.default\">\n\t\t\t\t<div class=\"elementor-widget-container\">\n\t\t\t\t\t\t\t\t\t<p>Wenn du du ein Projekt \u00fcber einen l\u00e4ngeren Zeitraum planst, k\u00f6nnen wir dir daf\u00fcr folgendes anbieten.<\/p>\t\t\t\t\t\t\t\t<\/div>\n\t\t\t\t<\/div>\n\t\t\t\t\t<\/div>\n\t\t<\/div>\n\t\t\t\t\t<\/div>\n\t\t<\/section>\n\t\t\t\t<section class=\"elementor-section elementor-top-section elementor-element elementor-element-106e52a elementor-section-boxed elementor-section-height-default elementor-section-height-default\" data-id=\"106e52a\" data-element_type=\"section\" data-e-type=\"section\">\n\t\t\t\t\t\t<div class=\"elementor-container elementor-column-gap-default\">\n\t\t\t\t\t<div class=\"elementor-column elementor-col-50 elementor-top-column elementor-element elementor-element-3ffc047\" data-id=\"3ffc047\" data-element_type=\"column\" data-e-type=\"column\">\n\t\t\t<div class=\"elementor-widget-wrap elementor-element-populated\">\n\t\t\t\t\t\t<div class=\"elementor-element elementor-element-ea26f85 elementor-widget elementor-widget-text-editor\" data-id=\"ea26f85\" data-element_type=\"widget\" data-e-type=\"widget\" data-widget_type=\"text-editor.default\">\n\t\t\t\t<div class=\"elementor-widget-container\">\n\t\t\t\t\t\t\t\t\t<p>\u00dcber die Miete eines Schl\u00fcssels, kannst du auch au\u00dferhalb der \u00d6ffnungszeiten das Innwerk nutzen.<\/p>\t\t\t\t\t\t\t\t<\/div>\n\t\t\t\t<\/div>\n\t\t\t\t\t<\/div>\n\t\t<\/div>\n\t\t\t\t<div class=\"elementor-column elementor-col-50 elementor-top-column elementor-element elementor-element-ed33edf\" data-id=\"ed33edf\" data-element_type=\"column\" data-e-type=\"column\">\n\t\t\t<div class=\"elementor-widget-wrap elementor-element-populated\">\n\t\t\t\t\t\t<div class=\"elementor-element elementor-element-ebb02dd elementor-invisible elementor-widget elementor-widget-image\" data-id=\"ebb02dd\" data-element_type=\"widget\" data-e-type=\"widget\" data-settings=\"{&quot;_animation&quot;:&quot;pulse&quot;}\" data-widget_type=\"image.default\">\n\t\t\t\t<div class=\"elementor-widget-container\">\n\t\t\t\t\t\t\t\t\t\t\t\t\t\t\t\t<a href=\"https:\/\/innwerk.org\/en\/team\/\">\n\t\t\t\t\t\t\t<img decoding=\"async\" width=\"150\" height=\"150\" src=\"https:\/\/innwerk.org\/wp-content\/uploads\/2022\/02\/Peppi-Pic-150x150.jpg\" class=\"elementor-animation-shrink attachment-thumbnail size-thumbnail wp-image-1385\" alt=\"\" srcset=\"https:\/\/innwerk.org\/wp-content\/uploads\/2022\/02\/Peppi-Pic-150x150.jpg 150w, https:\/\/innwerk.org\/wp-content\/uploads\/2022\/02\/Peppi-Pic-300x300.jpg 300w, https:\/\/innwerk.org\/wp-content\/uploads\/2022\/02\/Peppi-Pic-1024x1024.jpg 1024w, https:\/\/innwerk.org\/wp-content\/uploads\/2022\/02\/Peppi-Pic-768x768.jpg 768w, https:\/\/innwerk.org\/wp-content\/uploads\/2022\/02\/Peppi-Pic-1536x1536.jpg 1536w, https:\/\/innwerk.org\/wp-content\/uploads\/2022\/02\/Peppi-Pic-2048x2048.jpg 2048w\" sizes=\"(max-width: 150px) 100vw, 150px\" \/>\t\t\t\t\t\t\t\t<\/a>\n\t\t\t\t\t\t\t\t\t\t\t\t\t\t\t<\/div>\n\t\t\t\t<\/div>\n\t\t\t\t<div class=\"elementor-element elementor-element-e05673c elementor-widget elementor-widget-text-editor\" data-id=\"e05673c\" data-element_type=\"widget\" data-e-type=\"widget\" data-widget_type=\"text-editor.default\">\n\t\t\t\t<div class=\"elementor-widget-container\">\n\t\t\t\t\t\t\t\t\t<p>Contact person<br \/><strong>PEPE<\/strong><br \/><a href=\"mailto:pepe@innwerk.org\">pepe@innwerk.org<\/a><\/p>\t\t\t\t\t\t\t\t<\/div>\n\t\t\t\t<\/div>\n\t\t\t\t\t<\/div>\n\t\t<\/div>\n\t\t\t\t\t<\/div>\n\t\t<\/section>\n\t\t\t\t<\/div>","protected":false},"excerpt":{"rendered":"<p>Das lange Werkeln&#8230; Wenn du du ein Projekt \u00fcber einen l\u00e4ngeren Zeitraum planst, k\u00f6nnen wir dir daf\u00fcr folgendes anbieten. \u00dcber die Miete eines Schl\u00fcssels, kannst du auch au\u00dferhalb der \u00d6ffnungszeiten das Innwerk nutzen. Ansprechperson:PEPEpepe@innwerk.org<\/p>","protected":false},"author":4,"featured_media":0,"parent":0,"menu_order":0,"comment_status":"closed","ping_status":"closed","template":"page-templates\/template-pagebuilder-full-width.php","meta":{"neve_meta_sidebar":"","neve_meta_container":"","neve_meta_enable_content_width":"","neve_meta_content_width":0,"neve_meta_title_alignment":"","neve_meta_author_avatar":"","neve_post_elements_order":"","neve_meta_disable_header":"","neve_meta_disable_footer":"","neve_meta_disable_title":"","footnotes":""},"class_list":["post-3258","page","type-page","status-publish","hentry"],"_links":{"self":[{"href":"https:\/\/innwerk.org\/en\/wp-json\/wp\/v2\/pages\/3258","targetHints":{"allow":["GET"]}}],"collection":[{"href":"https:\/\/innwerk.org\/en\/wp-json\/wp\/v2\/pages"}],"about":[{"href":"https:\/\/innwerk.org\/en\/wp-json\/wp\/v2\/types\/page"}],"author":[{"embeddable":true,"href":"https:\/\/innwerk.org\/en\/wp-json\/wp\/v2\/users\/4"}],"replies":[{"embeddable":true,"href":"https:\/\/innwerk.org\/en\/wp-json\/wp\/v2\/comments?post=3258"}],"version-history":[{"count":6,"href":"https:\/\/innwerk.org\/en\/wp-json\/wp\/v2\/pages\/3258\/revisions"}],"predecessor-version":[{"id":3337,"href":"https:\/\/innwerk.org\/en\/wp-json\/wp\/v2\/pages\/3258\/revisions\/3337"}],"wp:attachment":[{"href":"https:\/\/innwerk.org\/en\/wp-json\/wp\/v2\/media?parent=3258"}],"curies":[{"name":"wp","href":"https:\/\/api.w.org\/{rel}","templated":true}]}}