{"id":3,"date":"2021-12-26T22:10:48","date_gmt":"2021-12-26T21:10:48","guid":{"rendered":"https:\/\/wp.innwerk.org\/?page_id=3"},"modified":"2025-09-01T22:39:49","modified_gmt":"2025-09-01T20:39:49","slug":"datenschutzerklaerung","status":"publish","type":"page","link":"https:\/\/innwerk.org\/en\/datenschutzerklaerung\/","title":{"rendered":"Datenschutzerkl\u00e4rung"},"content":{"rendered":"<p>Zuletzt aktualisiert: 08.11.2023<\/p>\n\n\n\n<h2 class=\"wp-block-heading\">Kontakt und Hinweise<\/h2>\n\n\n\n<p>Bei Fragen zum Datenschutz oder zur Wahrnehmung deiner unten genannten Rechte kannst du dich an Hannes Hieronimi unter <a href=\"mailto:datenschutz@innwerk.org\">datenschutz@innwerk.org<\/a> wenden.<\/p>\n\n\n\n<p>Wir nehmen den Schutz deiner Daten sehr ernst und geben diese, au\u00dfer im Falle gesetzliche Pflichten oder einer gesonderten Einwilligung, niemals an Dritte weiter. Bedenke aber, dass die Daten\u00fcbertragung im Internet grunds\u00e4tzlich mit Sicherheitsl\u00fccken bedacht sein kann. Ein vollumf\u00e4nglicher Schutz vor dem Zugriff durch Fremde ist nicht realisierbar.<\/p>\n\n\n\n<h2 class=\"wp-block-heading\">Website<\/h2>\n\n\n\n<p>Beim Besuch dieser Website werden <em>keine<\/em> personenbezogenen Daten gespeichert oder ausgewertet. Die unter Umst\u00e4nden auf unseren Servern anfallenden Log-Dateien werden regelm\u00e4\u00dfig gel\u00f6scht.<\/p>\n\n\n\n<h3 class=\"wp-block-heading\">Dienste Dritter<\/h3>\n\n\n\n<p>Auf dieser Webseite haben wir iFrames (z.B. integriertes Spendenformular, &nbsp;Projekt-Widget, Overlay-Spendenbutton) der gut.org gAG, Schlesische Stra\u00dfe 26, 10977 Berlin (Betreiberin der Online-Spendenplattform betterplace.org, nachfolgend \u201cbetterplace.org\u201d genannt) eingebunden. In diesen iFrames nutzt betterplace.org Dienste Dritter. Einzelheiten zu den im Zusammenhang mit den Diensten erfolgenden Datenverarbeitungen kannst du in der <a href=\"https:\/\/www.betterplace.org\/c\/regeln\/datenschutz\">Datenschutzerkl\u00e4rung von betterplace.org<\/a>&nbsp;nachlesen. Die Rechtsgrundlage f\u00fcr die Einbindung der iFrames ist Art. 6 Abs. 1 lit. f DSGVO. In der Optimierung der Nutzerfreundlichkeit der Webseite und der Erm\u00f6glichung einer nutzerfreundlichen Verkn\u00fcpfung unserer Webseite mit der Online-Spendenplattform von betterplace.org liegt unser berechtigtes In<em>teresse.<\/em><\/p>\n\n\n\n<h3 class=\"wp-block-heading\">Innwerk Login<\/h3>\n\n\n\n<p>Um uns im Team zu organisieren und auszutauschen nutzen wir verschiedene Online-Tools wie z.B. Nextcloud. Die Nutzung und Registrierung ist freiwillig. F\u00fcr den gemeinsamen Login erheben wir die Email-Adresse, Name, Passwort sowie einen selbstgew\u00e4hlten Nutzernamen.<\/p>\n\n\n\n<h3 class=\"wp-block-heading\" id=\"terminbuchung\">Terminbuchung<\/h3>\n\n\n\n<p>F\u00fcr die Terminbuchung \u00fcber unser Formular speichern wir deinen Namen, deine Mailadresse und Zeit und Datum deiner Buchung auf unserem Server. W\u00fcnschst du eine L\u00f6schung dieser Daten, gen\u00fcgt eine Email an datenschutz@innwerk.org.<\/p>\n\n\n\n<h3 class=\"wp-block-heading\">Formulare<\/h3>\n\n\n\n<p>F\u00fcr verschiedene Zwecke, z.B. die Organisation von Events, erfassen wir in Formularen personenbezogene Daten (z.B. Name und Kontaktm\u00f6glichkeit). Dies geschieht immer freiwillig und wir erheben nur die angegeben Daten. Die Daten werden Mitgliedern unseres Vereins und des Orga-Teams zur Verf\u00fcgung gestellt, soweit dies zur Durchf\u00fchrung des im Formular erw\u00e4hnten Zwecks erforderlich ist.<\/p>\n\n\n\n<p>Zum Teil k\u00f6nnen die Daten an Dritte weitergegeben werden (z.B. in f\u00fcr eine gemeinsamen Planungsgruppe in Messenger-Diensten wie WhatsApp oder Signal). Dies geschieht immer freiwillig und wird gesondert erfasst. Eine Teilnahme ist immer auch ohne die Weitergabe an Dritte m\u00f6glich.<\/p>\n\n\n\n<p>Die erhobenen Daten werden auf unseren Servern sp\u00e4testens nach einem Jahr gel\u00f6scht.<\/p>\n\n\n\n<h2 class=\"wp-block-heading\">E-Mail<\/h2>\n\n\n\n<p>F\u00fcr die E-Mail Kommunikation werden deine pers\u00f6nlichen Daten verarbeitet die du uns eigenst\u00e4ndig bereit stellst. Dazu geh\u00f6rt deine E-Mail Adresse, eventuell dein Name, sowie der Inhalt der E-Mail und Meta Informationen die automatisch mitgesendet werden (Datum, Uhrzeit, E-Mail-Header, etc.). Die Empf\u00e4nger sind je nach Adresse verschiedene Mitglieder unserer Gruppe.<\/p>\n\n\n\n<h3 class=\"wp-block-heading\">Newsletter<\/h3>\n\n\n\n<p>Wenn du unseren Newsletter nutzen m\u00f6chten, m\u00fcssen wir daf\u00fcr deine Email-Adresse erheben und speichern. Dies geschieht freiwillig und kann jederzeit widerrufen werden. W\u00fcnschst du eine L\u00f6schung deiner Daten, gen\u00fcgt eine Email an datenschutz@innwerk.org.<\/p>\n\n\n\n<h2 class=\"wp-block-heading\">Mitglieder des Vereins<\/h2>\n\n\n\n<p>F\u00fcr die Mitgliederverwaltung, Vereinsorganisation und Kommunikation erheben wir folgende Daten unserer Mitglieder:<\/p>\n\n\n\n<ul class=\"wp-block-list\">\n<li>Name<\/li>\n\n\n\n<li>Geburtsdatum<\/li>\n\n\n\n<li>Adresse<\/li>\n\n\n\n<li>E-Mail<\/li>\n\n\n\n<li>Geschlecht (freiwillig)<\/li>\n\n\n\n<li>Telefonnummer (freiwillig)<\/li>\n\n\n\n<li>IBAN<\/li>\n<\/ul>\n\n\n\n<p>Diese Daten werden ohne ausdr\u00fcckliches gesondertes Einverst\u00e4ndnis <em>nicht<\/em> mit weiteren Parteien geteilt. Zugriff auf diese Daten haben nur mit der Durchf\u00fchrung der Aufgaben betraute Personen. Die Daten werden, soweit rechtlich zul\u00e4ssig, nach Beendigung der Mitgliedschaft gel\u00f6scht.<\/p>\n\n\n\n<h2 class=\"wp-block-heading\">Deine Rechte<\/h2>\n\n\n\n<p>Du hast folgende Rechte hinsichtlich deiner bei uns gespeicherten personenbezogenen Daten:<\/p>\n\n\n\n<ul class=\"wp-block-list\">\n<li>Recht auf Auskunft deiner \u00fcber dich gespeicherten Daten,<\/li>\n\n\n\n<li>Recht auf Berichtigung oder L\u00f6schung deiner Daten,<\/li>\n\n\n\n<li>Recht auf Einschr\u00e4nkung der Verarbeitung, sofern wir diese Daten aus rechtlichen Gr\u00fcnden nicht l\u00f6schen d\u00fcrfen,<\/li>\n\n\n\n<li>Recht auf Widerspruch gegen die Verarbeitung,<\/li>\n\n\n\n<li>Recht auf Daten\u00fcbertragbarkeit.<\/li>\n<\/ul>\n\n\n\n<p>Au\u00dferdem hast du das Recht, dich bei einer Datenschutz-Aufsichtsbeh\u00f6rde \u00fcber die Verarbeitung deiner personenbezogenen Daten durch uns zu beschweren.<\/p>\n\n\n\n<p><\/p>","protected":false},"excerpt":{"rendered":"<p>Zuletzt aktualisiert: 08.11.2023 Kontakt und Hinweise Bei Fragen zum Datenschutz oder zur Wahrnehmung deiner unten genannten Rechte kannst du dich an Hannes Hieronimi unter datenschutz@innwerk.org wenden. Wir nehmen den Schutz deiner Daten sehr ernst und geben diese, au\u00dfer im Falle gesetzliche Pflichten oder einer gesonderten Einwilligung, niemals an Dritte weiter. Bedenke aber, dass die Daten\u00fcbertragung&hellip;&nbsp;<a href=\"https:\/\/innwerk.org\/en\/datenschutzerklaerung\/\" rel=\"bookmark\">Read More &raquo;<span class=\"screen-reader-text\">Datenschutzerkl\u00e4rung<\/span><\/a><\/p>","protected":false},"author":1,"featured_media":0,"parent":0,"menu_order":0,"comment_status":"closed","ping_status":"closed","template":"","meta":{"neve_meta_sidebar":"","neve_meta_container":"","neve_meta_enable_content_width":"","neve_meta_content_width":0,"neve_meta_title_alignment":"","neve_meta_author_avatar":"","neve_post_elements_order":"","neve_meta_disable_header":"","neve_meta_disable_footer":"","neve_meta_disable_title":"","footnotes":""},"class_list":["post-3","page","type-page","status-publish","hentry"],"_links":{"self":[{"href":"https:\/\/innwerk.org\/en\/wp-json\/wp\/v2\/pages\/3","targetHints":{"allow":["GET"]}}],"collection":[{"href":"https:\/\/innwerk.org\/en\/wp-json\/wp\/v2\/pages"}],"about":[{"href":"https:\/\/innwerk.org\/en\/wp-json\/wp\/v2\/types\/page"}],"author":[{"embeddable":true,"href":"https:\/\/innwerk.org\/en\/wp-json\/wp\/v2\/users\/1"}],"replies":[{"embeddable":true,"href":"https:\/\/innwerk.org\/en\/wp-json\/wp\/v2\/comments?post=3"}],"version-history":[{"count":26,"href":"https:\/\/innwerk.org\/en\/wp-json\/wp\/v2\/pages\/3\/revisions"}],"predecessor-version":[{"id":4502,"href":"https:\/\/innwerk.org\/en\/wp-json\/wp\/v2\/pages\/3\/revisions\/4502"}],"wp:attachment":[{"href":"https:\/\/innwerk.org\/en\/wp-json\/wp\/v2\/media?parent=3"}],"curies":[{"name":"wp","href":"https:\/\/api.w.org\/{rel}","templated":true}]}}