{"id":2911,"date":"2022-06-20T15:51:02","date_gmt":"2022-06-20T13:51:02","guid":{"rendered":"https:\/\/innwerk.org\/?page_id=2911"},"modified":"2022-07-15T13:32:21","modified_gmt":"2022-07-15T11:32:21","slug":"messer-schleifen-workshop","status":"publish","type":"page","link":"https:\/\/innwerk.org\/en\/workshops\/messer-schleifen-workshop\/","title":{"rendered":"Messer schleifen Workshop"},"content":{"rendered":"<div data-elementor-type=\"wp-page\" data-elementor-id=\"2911\" class=\"elementor elementor-2911\">\n\t\t\t\t\t\t<section class=\"elementor-section elementor-top-section elementor-element elementor-element-25d8f00 elementor-section-boxed elementor-section-height-default elementor-section-height-default\" data-id=\"25d8f00\" data-element_type=\"section\" data-e-type=\"section\">\n\t\t\t\t\t\t<div class=\"elementor-container elementor-column-gap-default\">\n\t\t\t\t\t<div class=\"elementor-column elementor-col-100 elementor-top-column elementor-element elementor-element-dce101d\" data-id=\"dce101d\" data-element_type=\"column\" data-e-type=\"column\">\n\t\t\t<div class=\"elementor-widget-wrap elementor-element-populated\">\n\t\t\t\t\t\t<div class=\"elementor-element elementor-element-7ac1970 elementor-widget elementor-widget-spacer\" data-id=\"7ac1970\" data-element_type=\"widget\" data-e-type=\"widget\" data-widget_type=\"spacer.default\">\n\t\t\t\t<div class=\"elementor-widget-container\">\n\t\t\t\t\t\t\t<div class=\"elementor-spacer\">\n\t\t\t<div class=\"elementor-spacer-inner\"><\/div>\n\t\t<\/div>\n\t\t\t\t\t\t<\/div>\n\t\t\t\t<\/div>\n\t\t\t\t<div class=\"elementor-element elementor-element-1ec92b7 elementor-widget elementor-widget-heading\" data-id=\"1ec92b7\" data-element_type=\"widget\" data-e-type=\"widget\" data-widget_type=\"heading.default\">\n\t\t\t\t<div class=\"elementor-widget-container\">\n\t\t\t\t\t<h2 class=\"elementor-heading-title elementor-size-default\">COURSE: Knive sharpening<\/h2>\t\t\t\t<\/div>\n\t\t\t\t<\/div>\n\t\t\t\t<div class=\"elementor-element elementor-element-6794da3 elementor-widget elementor-widget-spacer\" data-id=\"6794da3\" data-element_type=\"widget\" data-e-type=\"widget\" data-widget_type=\"spacer.default\">\n\t\t\t\t<div class=\"elementor-widget-container\">\n\t\t\t\t\t\t\t<div class=\"elementor-spacer\">\n\t\t\t<div class=\"elementor-spacer-inner\"><\/div>\n\t\t<\/div>\n\t\t\t\t\t\t<\/div>\n\t\t\t\t<\/div>\n\t\t\t\t\t<\/div>\n\t\t<\/div>\n\t\t\t\t\t<\/div>\n\t\t<\/section>\n\t\t\t\t<section class=\"elementor-section elementor-top-section elementor-element elementor-element-b8bbbb5 elementor-section-boxed elementor-section-height-default elementor-section-height-default\" data-id=\"b8bbbb5\" data-element_type=\"section\" data-e-type=\"section\">\n\t\t\t\t\t\t<div class=\"elementor-container elementor-column-gap-default\">\n\t\t\t\t\t<div class=\"elementor-column elementor-col-50 elementor-top-column elementor-element elementor-element-89c3f52\" data-id=\"89c3f52\" data-element_type=\"column\" data-e-type=\"column\">\n\t\t\t<div class=\"elementor-widget-wrap elementor-element-populated\">\n\t\t\t\t\t\t<div class=\"elementor-element elementor-element-8037636 elementor-widget elementor-widget-text-editor\" data-id=\"8037636\" data-element_type=\"widget\" data-e-type=\"widget\" data-widget_type=\"text-editor.default\">\n\t\t\t\t<div class=\"elementor-widget-container\">\n\t\t\t\t\t\t\t\t\t<p style=\"text-align: left; padding-left: 40px;\"><span data-contrast=\"auto\">Smashed Tomatoes? Chopping onions makes tears flow like you could make Passau the four rivers city? <br \/><\/span><b><span data-contrast=\"auto\">Only one thing will help: sharp knives<\/span><\/b><span data-ccp-props=\"{&quot;201341983&quot;:0,&quot;335559739&quot;:160,&quot;335559740&quot;:259}\">\u00a0<\/span><\/p><p style=\"padding-left: 40px;\"><span data-contrast=\"auto\">In this coursewe will explain how you can give your kitchen knives a basic grind and keep them really sharp. We use water whetstones for this, but we also briefly show how knives can be sharpened on a machine. The workshop covers the basics and is aimed at beginners who have no experience with knife sharpening.<\/span><span data-ccp-props=\"{&quot;201341983&quot;:0,&quot;335559739&quot;:160,&quot;335559740&quot;:259}\">\u00a0<\/span><\/p><p style=\"padding-left: 40px;\" class=\"translation-block\">You can bring your own knives to the course so that we can all progress as quickly as possible, but chef's knives are best. Please do not bring huge blades (broadswords, lawn mower blades) or serrated blades (bread knives). The knives should also be sharpened on both sides (no scissors or sushi knives).<\/p><p style=\"text-align: left; padding-left: 40px;\"><span style=\"background-color: var(--nv-site-bg); font-weight: var(--bodyFontWeight); letter-spacing: var(--bodyLetterSpacing); text-transform: var(--bodyTextTransform);\" data-ccp-props=\"{\"><strong style=\"color: var( --e-global-color-nvtextcolor ); font-family: var(--bodyFontFamily),var(--nv-fallback-ff); font-size: var(--bodyFontSize);\">When:<\/strong><span style=\"color: #000000; font-family: var(--bodyFontFamily),var(--nv-fallback-ff);\">\u00a003.07.2022 von 14-16 Uhr<\/span><br \/><span style=\"color: #0000ff;\"><b>Leider schon vorbei \ud83d\ude41<\/b><\/span><\/span><\/p>\t\t\t\t\t\t\t\t<\/div>\n\t\t\t\t<\/div>\n\t\t\t\t<div class=\"elementor-element elementor-element-df09eba elementor-widget elementor-widget-text-editor\" data-id=\"df09eba\" data-element_type=\"widget\" data-e-type=\"widget\" data-widget_type=\"text-editor.default\">\n\t\t\t\t<div class=\"elementor-widget-container\">\n\t\t\t\t\t\t\t\t\t<p style=\"padding-left: 40px;\"><strong>For all questions about the courses, please contact Julia<\/strong><\/p>\t\t\t\t\t\t\t\t<\/div>\n\t\t\t\t<\/div>\n\t\t\t\t\t<\/div>\n\t\t<\/div>\n\t\t\t\t<div class=\"elementor-column elementor-col-50 elementor-top-column elementor-element elementor-element-f7a48f5\" data-id=\"f7a48f5\" data-element_type=\"column\" data-e-type=\"column\">\n\t\t\t<div class=\"elementor-widget-wrap elementor-element-populated\">\n\t\t\t\t\t\t<div class=\"elementor-element elementor-element-e5c3d59 elementor-invisible elementor-widget elementor-widget-image\" data-id=\"e5c3d59\" data-element_type=\"widget\" data-e-type=\"widget\" data-settings=\"{&quot;_animation&quot;:&quot;pulse&quot;}\" data-widget_type=\"image.default\">\n\t\t\t\t<div class=\"elementor-widget-container\">\n\t\t\t\t\t\t\t\t\t\t\t\t\t\t\t\t<a href=\"https:\/\/innwerk.org\/en\/team\/\">\n\t\t\t\t\t\t\t<img decoding=\"async\" width=\"150\" height=\"150\" src=\"https:\/\/innwerk.org\/wp-content\/uploads\/2022\/02\/Julia_3024x3024-150x150.jpg\" class=\"elementor-animation-shrink attachment-thumbnail size-thumbnail wp-image-1256\" alt=\"\" srcset=\"https:\/\/innwerk.org\/wp-content\/uploads\/2022\/02\/Julia_3024x3024-150x150.jpg 150w, https:\/\/innwerk.org\/wp-content\/uploads\/2022\/02\/Julia_3024x3024-300x300.jpg 300w, https:\/\/innwerk.org\/wp-content\/uploads\/2022\/02\/Julia_3024x3024-1024x1024.jpg 1024w, https:\/\/innwerk.org\/wp-content\/uploads\/2022\/02\/Julia_3024x3024-768x768.jpg 768w, https:\/\/innwerk.org\/wp-content\/uploads\/2022\/02\/Julia_3024x3024-1536x1536.jpg 1536w, https:\/\/innwerk.org\/wp-content\/uploads\/2022\/02\/Julia_3024x3024-2048x2048.jpg 2048w\" sizes=\"(max-width: 150px) 100vw, 150px\" \/>\t\t\t\t\t\t\t\t<\/a>\n\t\t\t\t\t\t\t\t\t\t\t\t\t\t\t<\/div>\n\t\t\t\t<\/div>\n\t\t\t\t<div class=\"elementor-element elementor-element-1092940 elementor-widget elementor-widget-text-editor\" data-id=\"1092940\" data-element_type=\"widget\" data-e-type=\"widget\" data-widget_type=\"text-editor.default\">\n\t\t\t\t<div class=\"elementor-widget-container\">\n\t\t\t\t\t\t\t\t\t<p>Contact person<br \/><strong>JULIA<\/strong><br \/><a href=\"mailto:julia@innwerk.org\">julia@innwerk.org<\/a><\/p>\t\t\t\t\t\t\t\t<\/div>\n\t\t\t\t<\/div>\n\t\t\t\t\t<\/div>\n\t\t<\/div>\n\t\t\t\t\t<\/div>\n\t\t<\/section>\n\t\t\t\t<section class=\"elementor-section elementor-top-section elementor-element elementor-element-39fbc79 elementor-section-boxed elementor-section-height-default elementor-section-height-default\" data-id=\"39fbc79\" data-element_type=\"section\" data-e-type=\"section\">\n\t\t\t\t\t\t<div class=\"elementor-container elementor-column-gap-default\">\n\t\t\t\t\t<div class=\"elementor-column elementor-col-100 elementor-top-column elementor-element elementor-element-b8afcd2\" data-id=\"b8afcd2\" data-element_type=\"column\" data-e-type=\"column\">\n\t\t\t<div class=\"elementor-widget-wrap\">\n\t\t\t\t\t\t\t<\/div>\n\t\t<\/div>\n\t\t\t\t\t<\/div>\n\t\t<\/section>\n\t\t\t\t<\/div>","protected":false},"excerpt":{"rendered":"<p>WORKSHOP: Messer schleifen Zerquetschte Tomaten? Beim Zwiebel&#8220;schneiden&#8220; flie\u00dfen die Tr\u00e4nen als ob gerade jemand die Gr\u00f6\u00dfe einer schwimmenden T\u00fcr untersch\u00e4tzt hat? Da hilft nur eins: scharfe Messer!\u00a0 In diesem Workshop erkl\u00e4ren wir euch, wie ihr euren K\u00fcchenmessern einen Grundschliff gebt und diese dann ordentlich scharf halten k\u00f6nnt. Wie verwenden dazu Wasserschleifsteine, zeigen aber auch kurz&hellip;&nbsp;<a href=\"https:\/\/innwerk.org\/en\/workshops\/messer-schleifen-workshop\/\" rel=\"bookmark\">Read More &raquo;<span class=\"screen-reader-text\">Messer schleifen Workshop<\/span><\/a><\/p>","protected":false},"author":4,"featured_media":0,"parent":2889,"menu_order":0,"comment_status":"closed","ping_status":"closed","template":"page-templates\/template-pagebuilder-full-width.php","meta":{"neve_meta_sidebar":"","neve_meta_container":"","neve_meta_enable_content_width":"","neve_meta_content_width":0,"neve_meta_title_alignment":"","neve_meta_author_avatar":"","neve_post_elements_order":"","neve_meta_disable_header":"","neve_meta_disable_footer":"","neve_meta_disable_title":"","_vp_format_video_url":"","_vp_image_focal_point":[],"footnotes":""},"class_list":["post-2911","page","type-page","status-publish","hentry"],"_links":{"self":[{"href":"https:\/\/innwerk.org\/en\/wp-json\/wp\/v2\/pages\/2911","targetHints":{"allow":["GET"]}}],"collection":[{"href":"https:\/\/innwerk.org\/en\/wp-json\/wp\/v2\/pages"}],"about":[{"href":"https:\/\/innwerk.org\/en\/wp-json\/wp\/v2\/types\/page"}],"author":[{"embeddable":true,"href":"https:\/\/innwerk.org\/en\/wp-json\/wp\/v2\/users\/4"}],"replies":[{"embeddable":true,"href":"https:\/\/innwerk.org\/en\/wp-json\/wp\/v2\/comments?post=2911"}],"version-history":[{"count":10,"href":"https:\/\/innwerk.org\/en\/wp-json\/wp\/v2\/pages\/2911\/revisions"}],"predecessor-version":[{"id":3135,"href":"https:\/\/innwerk.org\/en\/wp-json\/wp\/v2\/pages\/2911\/revisions\/3135"}],"up":[{"embeddable":true,"href":"https:\/\/innwerk.org\/en\/wp-json\/wp\/v2\/pages\/2889"}],"wp:attachment":[{"href":"https:\/\/innwerk.org\/en\/wp-json\/wp\/v2\/media?parent=2911"}],"curies":[{"name":"wp","href":"https:\/\/api.w.org\/{rel}","templated":true}]}}