{"id":2810,"date":"2022-06-07T14:06:59","date_gmt":"2022-06-07T12:06:59","guid":{"rendered":"https:\/\/innwerk.org\/?page_id=2810"},"modified":"2025-09-04T16:09:22","modified_gmt":"2025-09-04T14:09:22","slug":"elektronik","status":"publish","type":"page","link":"https:\/\/innwerk.org\/en\/werkstatt\/elektronik\/","title":{"rendered":"Elektronik-Werkstatt"},"content":{"rendered":"<div data-elementor-type=\"wp-page\" data-elementor-id=\"2810\" class=\"elementor elementor-2810\">\n\t\t\t\t\t\t<section class=\"elementor-section elementor-top-section elementor-element elementor-element-196503b elementor-section-boxed elementor-section-height-default elementor-section-height-default\" data-id=\"196503b\" data-element_type=\"section\" data-e-type=\"section\">\n\t\t\t\t\t\t<div class=\"elementor-container elementor-column-gap-default\">\n\t\t\t\t\t<div class=\"elementor-column elementor-col-100 elementor-top-column elementor-element elementor-element-76894e1\" data-id=\"76894e1\" data-element_type=\"column\" data-e-type=\"column\">\n\t\t\t<div class=\"elementor-widget-wrap elementor-element-populated\">\n\t\t\t\t\t\t<div class=\"elementor-element elementor-element-721f661 elementor-widget elementor-widget-spacer\" data-id=\"721f661\" data-element_type=\"widget\" data-e-type=\"widget\" data-widget_type=\"spacer.default\">\n\t\t\t\t<div class=\"elementor-widget-container\">\n\t\t\t\t\t\t\t<div class=\"elementor-spacer\">\n\t\t\t<div class=\"elementor-spacer-inner\"><\/div>\n\t\t<\/div>\n\t\t\t\t\t\t<\/div>\n\t\t\t\t<\/div>\n\t\t\t\t\t<\/div>\n\t\t<\/div>\n\t\t\t\t\t<\/div>\n\t\t<\/section>\n\t\t\t\t<section class=\"elementor-section elementor-top-section elementor-element elementor-element-fab1c42 elementor-section-boxed elementor-section-height-default elementor-section-height-default\" data-id=\"fab1c42\" data-element_type=\"section\" data-e-type=\"section\">\n\t\t\t\t\t\t<div class=\"elementor-container elementor-column-gap-default\">\n\t\t\t\t\t<div class=\"elementor-column elementor-col-100 elementor-top-column elementor-element elementor-element-2945e64\" data-id=\"2945e64\" data-element_type=\"column\" data-e-type=\"column\">\n\t\t\t<div class=\"elementor-widget-wrap elementor-element-populated\">\n\t\t\t\t\t\t<div class=\"elementor-element elementor-element-c0e40a2 elementor-widget elementor-widget-heading\" data-id=\"c0e40a2\" data-element_type=\"widget\" data-e-type=\"widget\" data-widget_type=\"heading.default\">\n\t\t\t\t<div class=\"elementor-widget-container\">\n\t\t\t\t\t<h2 class=\"elementor-heading-title elementor-size-default\">The Electronics Laboratory<\/h2>\t\t\t\t<\/div>\n\t\t\t\t<\/div>\n\t\t\t\t\t<\/div>\n\t\t<\/div>\n\t\t\t\t\t<\/div>\n\t\t<\/section>\n\t\t\t\t<section class=\"elementor-section elementor-top-section elementor-element elementor-element-9d5f4ce elementor-section-boxed elementor-section-height-default elementor-section-height-default\" data-id=\"9d5f4ce\" data-element_type=\"section\" data-e-type=\"section\">\n\t\t\t\t\t\t<div class=\"elementor-container elementor-column-gap-default\">\n\t\t\t\t\t<div class=\"elementor-column elementor-col-100 elementor-top-column elementor-element elementor-element-c4e5d93\" data-id=\"c4e5d93\" data-element_type=\"column\" data-e-type=\"column\">\n\t\t\t<div class=\"elementor-widget-wrap elementor-element-populated\">\n\t\t\t\t\t\t<div class=\"elementor-element elementor-element-4d42597 elementor-widget elementor-widget-spacer\" data-id=\"4d42597\" data-element_type=\"widget\" data-e-type=\"widget\" data-widget_type=\"spacer.default\">\n\t\t\t\t<div class=\"elementor-widget-container\">\n\t\t\t\t\t\t\t<div class=\"elementor-spacer\">\n\t\t\t<div class=\"elementor-spacer-inner\"><\/div>\n\t\t<\/div>\n\t\t\t\t\t\t<\/div>\n\t\t\t\t<\/div>\n\t\t\t\t\t<\/div>\n\t\t<\/div>\n\t\t\t\t\t<\/div>\n\t\t<\/section>\n\t\t\t\t<section class=\"elementor-section elementor-top-section elementor-element elementor-element-648d4f0 elementor-section-boxed elementor-section-height-default elementor-section-height-default\" data-id=\"648d4f0\" data-element_type=\"section\" data-e-type=\"section\">\n\t\t\t\t\t\t<div class=\"elementor-container elementor-column-gap-default\">\n\t\t\t\t\t<div class=\"elementor-column elementor-col-33 elementor-top-column elementor-element elementor-element-f49e594\" data-id=\"f49e594\" data-element_type=\"column\" data-e-type=\"column\">\n\t\t\t<div class=\"elementor-widget-wrap elementor-element-populated\">\n\t\t\t\t\t\t<div class=\"elementor-element elementor-element-490d47b gallery-spacing-custom elementor-invisible elementor-widget elementor-widget-image-gallery\" data-id=\"490d47b\" data-element_type=\"widget\" data-e-type=\"widget\" data-settings=\"{&quot;_animation&quot;:&quot;pulse&quot;}\" data-widget_type=\"image-gallery.default\">\n\t\t\t\t<div class=\"elementor-widget-container\">\n\t\t\t\t\t\t\t<div class=\"elementor-image-gallery\">\n\t\t\t<div id='gallery-1' class='gallery galleryid-2810 gallery-columns-2 gallery-size-medium_large'><figure class='gallery-item'>\n\t\t\t<div class='gallery-icon landscape'>\n\t\t\t\t<a data-elementor-open-lightbox=\"yes\" data-elementor-lightbox-slideshow=\"490d47b\" data-e-action-hash=\"#elementor-action%3Aaction%3Dlightbox%26settings%3DeyJpZCI6MTQ1OCwidXJsIjoiaHR0cHM6XC9cL2lubndlcmsub3JnXC93cC1jb250ZW50XC91cGxvYWRzXC8yMDIyXC8wMlwvSU1HXzAwNjctcXVlci1zY2FsZWQuanBnIiwic2xpZGVzaG93IjoiNDkwZDQ3YiJ9\" href='https:\/\/innwerk.org\/wp-content\/uploads\/2022\/02\/IMG_0067-quer-scaled.jpg'><img fetchpriority=\"high\" decoding=\"async\" width=\"768\" height=\"576\" src=\"https:\/\/innwerk.org\/wp-content\/uploads\/2022\/02\/IMG_0067-quer-768x576.jpg\" class=\"attachment-medium_large size-medium_large\" alt=\"\" srcset=\"https:\/\/innwerk.org\/wp-content\/uploads\/2022\/02\/IMG_0067-quer-768x576.jpg 768w, https:\/\/innwerk.org\/wp-content\/uploads\/2022\/02\/IMG_0067-quer-300x225.jpg 300w, https:\/\/innwerk.org\/wp-content\/uploads\/2022\/02\/IMG_0067-quer-1024x768.jpg 1024w, https:\/\/innwerk.org\/wp-content\/uploads\/2022\/02\/IMG_0067-quer-1536x1152.jpg 1536w, https:\/\/innwerk.org\/wp-content\/uploads\/2022\/02\/IMG_0067-quer-2048x1536.jpg 2048w\" sizes=\"(max-width: 768px) 100vw, 768px\" \/><\/a>\n\t\t\t<\/div><\/figure><figure class='gallery-item'>\n\t\t\t<div class='gallery-icon portrait'>\n\t\t\t\t<a data-elementor-open-lightbox=\"yes\" data-elementor-lightbox-slideshow=\"490d47b\" data-e-action-hash=\"#elementor-action%3Aaction%3Dlightbox%26settings%3DeyJpZCI6MTMwNywidXJsIjoiaHR0cHM6XC9cL2lubndlcmsub3JnXC93cC1jb250ZW50XC91cGxvYWRzXC8yMDIyXC8wMlwvMjItMDItMDktMTctMzYtNDItOTUzNi1zY2FsZWQuanBnIiwic2xpZGVzaG93IjoiNDkwZDQ3YiJ9\" data-elementor-lightbox-title=\"22-02-09 17-36-42 9536\" href='https:\/\/innwerk.org\/wp-content\/uploads\/2022\/02\/22-02-09-17-36-42-9536-scaled.jpg'><img decoding=\"async\" width=\"768\" height=\"1024\" src=\"https:\/\/innwerk.org\/wp-content\/uploads\/2022\/02\/22-02-09-17-36-42-9536-768x1024.jpg\" class=\"attachment-medium_large size-medium_large\" alt=\"\" srcset=\"https:\/\/innwerk.org\/wp-content\/uploads\/2022\/02\/22-02-09-17-36-42-9536-768x1024.jpg 768w, https:\/\/innwerk.org\/wp-content\/uploads\/2022\/02\/22-02-09-17-36-42-9536-225x300.jpg 225w, https:\/\/innwerk.org\/wp-content\/uploads\/2022\/02\/22-02-09-17-36-42-9536-1152x1536.jpg 1152w, https:\/\/innwerk.org\/wp-content\/uploads\/2022\/02\/22-02-09-17-36-42-9536-1536x2048.jpg 1536w, https:\/\/innwerk.org\/wp-content\/uploads\/2022\/02\/22-02-09-17-36-42-9536-scaled.jpg 1920w\" sizes=\"(max-width: 768px) 100vw, 768px\" \/><\/a>\n\t\t\t<\/div><\/figure><figure class='gallery-item'>\n\t\t\t<div class='gallery-icon landscape'>\n\t\t\t\t<a data-elementor-open-lightbox=\"yes\" data-elementor-lightbox-slideshow=\"490d47b\" data-e-action-hash=\"#elementor-action%3Aaction%3Dlightbox%26settings%3DeyJpZCI6MzA4MiwidXJsIjoiaHR0cHM6XC9cL2lubndlcmsub3JnXC93cC1jb250ZW50XC91cGxvYWRzXC8yMDIyXC8wNlwvOTY0MkYzRDEtOEJEQS00RjIzLTlCMzgtRjU3QjUxNjAxNDc1LXNjYWxlZC5qcGVnIiwic2xpZGVzaG93IjoiNDkwZDQ3YiJ9\" data-elementor-lightbox-title=\"22-02-09 17-36-42 9536\" href='https:\/\/innwerk.org\/wp-content\/uploads\/2022\/06\/9642F3D1-8BDA-4F23-9B38-F57B51601475-scaled.jpeg'><img decoding=\"async\" width=\"768\" height=\"636\" src=\"https:\/\/innwerk.org\/wp-content\/uploads\/2022\/06\/9642F3D1-8BDA-4F23-9B38-F57B51601475-768x636.jpeg\" class=\"attachment-medium_large size-medium_large\" alt=\"\" srcset=\"https:\/\/innwerk.org\/wp-content\/uploads\/2022\/06\/9642F3D1-8BDA-4F23-9B38-F57B51601475-768x636.jpeg 768w, https:\/\/innwerk.org\/wp-content\/uploads\/2022\/06\/9642F3D1-8BDA-4F23-9B38-F57B51601475-300x248.jpeg 300w, https:\/\/innwerk.org\/wp-content\/uploads\/2022\/06\/9642F3D1-8BDA-4F23-9B38-F57B51601475-1024x848.jpeg 1024w, https:\/\/innwerk.org\/wp-content\/uploads\/2022\/06\/9642F3D1-8BDA-4F23-9B38-F57B51601475-1536x1272.jpeg 1536w, https:\/\/innwerk.org\/wp-content\/uploads\/2022\/06\/9642F3D1-8BDA-4F23-9B38-F57B51601475-2048x1696.jpeg 2048w, https:\/\/innwerk.org\/wp-content\/uploads\/2022\/06\/9642F3D1-8BDA-4F23-9B38-F57B51601475-14x12.jpeg 14w\" sizes=\"(max-width: 768px) 100vw, 768px\" \/><\/a>\n\t\t\t<\/div><\/figure><figure class='gallery-item'>\n\t\t\t<div class='gallery-icon landscape'>\n\t\t\t\t<a data-elementor-open-lightbox=\"yes\" data-elementor-lightbox-slideshow=\"490d47b\" data-e-action-hash=\"#elementor-action%3Aaction%3Dlightbox%26settings%3DeyJpZCI6MzA3OCwidXJsIjoiaHR0cHM6XC9cL2lubndlcmsub3JnXC93cC1jb250ZW50XC91cGxvYWRzXC8yMDIyXC8wNlwvQTkzQTY2RDAtMUQ0Mi00RUIyLTk1RDYtRTQ4Mjk4M0U1MDQ0LXNjYWxlZC5qcGVnIiwic2xpZGVzaG93IjoiNDkwZDQ3YiJ9\" data-elementor-lightbox-title=\"22-02-09 17-36-42 9536\" href='https:\/\/innwerk.org\/wp-content\/uploads\/2022\/06\/A93A66D0-1D42-4EB2-95D6-E482983E5044-scaled.jpeg'><img loading=\"lazy\" decoding=\"async\" width=\"768\" height=\"576\" src=\"https:\/\/innwerk.org\/wp-content\/uploads\/2022\/06\/A93A66D0-1D42-4EB2-95D6-E482983E5044-768x576.jpeg\" class=\"attachment-medium_large size-medium_large\" alt=\"\" srcset=\"https:\/\/innwerk.org\/wp-content\/uploads\/2022\/06\/A93A66D0-1D42-4EB2-95D6-E482983E5044-768x576.jpeg 768w, https:\/\/innwerk.org\/wp-content\/uploads\/2022\/06\/A93A66D0-1D42-4EB2-95D6-E482983E5044-300x225.jpeg 300w, https:\/\/innwerk.org\/wp-content\/uploads\/2022\/06\/A93A66D0-1D42-4EB2-95D6-E482983E5044-1024x768.jpeg 1024w, https:\/\/innwerk.org\/wp-content\/uploads\/2022\/06\/A93A66D0-1D42-4EB2-95D6-E482983E5044-1536x1152.jpeg 1536w, https:\/\/innwerk.org\/wp-content\/uploads\/2022\/06\/A93A66D0-1D42-4EB2-95D6-E482983E5044-2048x1536.jpeg 2048w, https:\/\/innwerk.org\/wp-content\/uploads\/2022\/06\/A93A66D0-1D42-4EB2-95D6-E482983E5044-16x12.jpeg 16w\" sizes=\"(max-width: 768px) 100vw, 768px\" \/><\/a>\n\t\t\t<\/div><\/figure>\n\t\t<\/div>\n\t\t<\/div>\n\t\t\t\t\t\t<\/div>\n\t\t\t\t<\/div>\n\t\t\t\t\t<\/div>\n\t\t<\/div>\n\t\t\t\t<div class=\"elementor-column elementor-col-33 elementor-top-column elementor-element elementor-element-b3e5961\" data-id=\"b3e5961\" data-element_type=\"column\" data-e-type=\"column\">\n\t\t\t<div class=\"elementor-widget-wrap elementor-element-populated\">\n\t\t\t\t\t\t<div class=\"elementor-element elementor-element-d4e8ec5 elementor-widget elementor-widget-text-editor\" data-id=\"d4e8ec5\" data-element_type=\"widget\" data-e-type=\"widget\" data-widget_type=\"text-editor.default\">\n\t\t\t\t<div class=\"elementor-widget-container\">\n\t\t\t\t\t\t\t\t\t<p>Your box has a loose contact or you don't see the point of buying a new mobile phone because of a broken battery?<\/p><p>We can offer you the following equipment for your electronics project:<br \/>Soldering station, hot air gun, pliers, crimping tool, a simple network cable set and fine screwdrivers for any mobile phone repair or for installing the Wi-Fi control in your fan.<\/p><p><strong>For all questions regarding electronics, please contact Georg or Hannes.<\/strong><\/p>\t\t\t\t\t\t\t\t<\/div>\n\t\t\t\t<\/div>\n\t\t\t\t\t<\/div>\n\t\t<\/div>\n\t\t\t\t<div class=\"elementor-column elementor-col-33 elementor-top-column elementor-element elementor-element-52b213f\" data-id=\"52b213f\" data-element_type=\"column\" data-e-type=\"column\">\n\t\t\t<div class=\"elementor-widget-wrap elementor-element-populated\">\n\t\t\t\t\t\t<section class=\"elementor-section elementor-inner-section elementor-element elementor-element-50b02c9 elementor-section-boxed elementor-section-height-default elementor-section-height-default\" data-id=\"50b02c9\" data-element_type=\"section\" data-e-type=\"section\">\n\t\t\t\t\t\t<div class=\"elementor-container elementor-column-gap-default\">\n\t\t\t\t\t<div class=\"elementor-column elementor-col-50 elementor-inner-column elementor-element elementor-element-e973cd1\" data-id=\"e973cd1\" data-element_type=\"column\" data-e-type=\"column\">\n\t\t\t<div class=\"elementor-widget-wrap elementor-element-populated\">\n\t\t\t\t\t\t<div class=\"elementor-element elementor-element-39e7342 elementor-invisible elementor-widget elementor-widget-image\" data-id=\"39e7342\" data-element_type=\"widget\" data-e-type=\"widget\" data-settings=\"{&quot;_animation&quot;:&quot;pulse&quot;}\" data-widget_type=\"image.default\">\n\t\t\t\t<div class=\"elementor-widget-container\">\n\t\t\t\t\t\t\t\t\t\t\t\t\t\t\t\t<a href=\"https:\/\/innwerk.org\/en\/team\/?georg\">\n\t\t\t\t\t\t\t<img loading=\"lazy\" decoding=\"async\" width=\"1728\" height=\"1728\" src=\"https:\/\/innwerk.org\/wp-content\/uploads\/2023\/12\/Georg.jpeg\" class=\"elementor-animation-shrink attachment-full size-full wp-image-3911\" alt=\"\" srcset=\"https:\/\/innwerk.org\/wp-content\/uploads\/2023\/12\/Georg.jpeg 1728w, https:\/\/innwerk.org\/wp-content\/uploads\/2023\/12\/Georg-300x300.jpeg 300w, https:\/\/innwerk.org\/wp-content\/uploads\/2023\/12\/Georg-1024x1024.jpeg 1024w, https:\/\/innwerk.org\/wp-content\/uploads\/2023\/12\/Georg-150x150.jpeg 150w, https:\/\/innwerk.org\/wp-content\/uploads\/2023\/12\/Georg-768x768.jpeg 768w, https:\/\/innwerk.org\/wp-content\/uploads\/2023\/12\/Georg-1536x1536.jpeg 1536w, https:\/\/innwerk.org\/wp-content\/uploads\/2023\/12\/Georg-12x12.jpeg 12w\" sizes=\"(max-width: 1728px) 100vw, 1728px\" \/>\t\t\t\t\t\t\t\t<\/a>\n\t\t\t\t\t\t\t\t\t\t\t\t\t\t\t<\/div>\n\t\t\t\t<\/div>\n\t\t\t\t<div class=\"elementor-element elementor-element-3360a0e elementor-widget elementor-widget-text-editor\" data-id=\"3360a0e\" data-element_type=\"widget\" data-e-type=\"widget\" data-widget_type=\"text-editor.default\">\n\t\t\t\t<div class=\"elementor-widget-container\">\n\t\t\t\t\t\t\t\t\t<p><strong>GEORG<br \/><\/strong><a href=\"mailto:georg@innwerk.org\">georg@innwerk.org<\/a><strong><br \/><\/strong><\/p>\t\t\t\t\t\t\t\t<\/div>\n\t\t\t\t<\/div>\n\t\t\t\t\t<\/div>\n\t\t<\/div>\n\t\t\t\t<div class=\"elementor-column elementor-col-50 elementor-inner-column elementor-element elementor-element-cc7633f\" data-id=\"cc7633f\" data-element_type=\"column\" data-e-type=\"column\">\n\t\t\t<div class=\"elementor-widget-wrap elementor-element-populated\">\n\t\t\t\t\t\t<div class=\"elementor-element elementor-element-92aaaef elementor-widget elementor-widget-image\" data-id=\"92aaaef\" data-element_type=\"widget\" data-e-type=\"widget\" data-widget_type=\"image.default\">\n\t\t\t\t<div class=\"elementor-widget-container\">\n\t\t\t\t\t\t\t\t\t\t\t\t\t\t\t\t<a href=\"https:\/\/innwerk.org\/en\/team\/?hannes\">\n\t\t\t\t\t\t\t<img loading=\"lazy\" decoding=\"async\" width=\"1024\" height=\"1024\" src=\"https:\/\/innwerk.org\/wp-content\/uploads\/2022\/02\/Hannes-3024x3024-1-1024x1024.jpg\" class=\"attachment-large size-large wp-image-1255\" alt=\"\" srcset=\"https:\/\/innwerk.org\/wp-content\/uploads\/2022\/02\/Hannes-3024x3024-1-1024x1024.jpg 1024w, https:\/\/innwerk.org\/wp-content\/uploads\/2022\/02\/Hannes-3024x3024-1-300x300.jpg 300w, https:\/\/innwerk.org\/wp-content\/uploads\/2022\/02\/Hannes-3024x3024-1-150x150.jpg 150w, https:\/\/innwerk.org\/wp-content\/uploads\/2022\/02\/Hannes-3024x3024-1-768x768.jpg 768w, https:\/\/innwerk.org\/wp-content\/uploads\/2022\/02\/Hannes-3024x3024-1-1536x1536.jpg 1536w, https:\/\/innwerk.org\/wp-content\/uploads\/2022\/02\/Hannes-3024x3024-1-2048x2048.jpg 2048w\" sizes=\"(max-width: 1024px) 100vw, 1024px\" \/>\t\t\t\t\t\t\t\t<\/a>\n\t\t\t\t\t\t\t\t\t\t\t\t\t\t\t<\/div>\n\t\t\t\t<\/div>\n\t\t\t\t<div class=\"elementor-element elementor-element-580c43e elementor-widget elementor-widget-text-editor\" data-id=\"580c43e\" data-element_type=\"widget\" data-e-type=\"widget\" data-widget_type=\"text-editor.default\">\n\t\t\t\t<div class=\"elementor-widget-container\">\n\t\t\t\t\t\t\t\t\t<p><strong>HANNES<br \/><\/strong><a href=\"mailto:hannes@innwerk.org\">hannes@innwerk.org<\/a><strong><br \/><\/strong><\/p>\t\t\t\t\t\t\t\t<\/div>\n\t\t\t\t<\/div>\n\t\t\t\t\t<\/div>\n\t\t<\/div>\n\t\t\t\t\t<\/div>\n\t\t<\/section>\n\t\t\t\t\t<\/div>\n\t\t<\/div>\n\t\t\t\t\t<\/div>\n\t\t<\/section>\n\t\t\t\t<section class=\"elementor-section elementor-top-section elementor-element elementor-element-1dfb46e elementor-section-boxed elementor-section-height-default elementor-section-height-default\" data-id=\"1dfb46e\" data-element_type=\"section\" data-e-type=\"section\">\n\t\t\t\t\t\t<div class=\"elementor-container elementor-column-gap-default\">\n\t\t\t\t\t<div class=\"elementor-column elementor-col-100 elementor-top-column elementor-element elementor-element-9532463\" data-id=\"9532463\" data-element_type=\"column\" data-e-type=\"column\">\n\t\t\t<div class=\"elementor-widget-wrap elementor-element-populated\">\n\t\t\t\t\t\t<div class=\"elementor-element elementor-element-619ff6a elementor-widget elementor-widget-spacer\" data-id=\"619ff6a\" data-element_type=\"widget\" data-e-type=\"widget\" data-widget_type=\"spacer.default\">\n\t\t\t\t<div class=\"elementor-widget-container\">\n\t\t\t\t\t\t\t<div class=\"elementor-spacer\">\n\t\t\t<div class=\"elementor-spacer-inner\"><\/div>\n\t\t<\/div>\n\t\t\t\t\t\t<\/div>\n\t\t\t\t<\/div>\n\t\t\t\t\t<\/div>\n\t\t<\/div>\n\t\t\t\t\t<\/div>\n\t\t<\/section>\n\t\t\t\t<\/div>","protected":false},"excerpt":{"rendered":"<p>Die Elektronik-Werkstatt Deine Box hat einen Wackelkontakt oder du siehst es nicht, dir ein wegen eines kaputten Akkus direkt ein neues Handy anzuschaffen? F\u00fcr dein Elektronikprojekt k\u00f6nnen wir dir die folgende Ausstattung bieten:L\u00f6tstation, Heisluftpistole, Zangen, Crimp-Werkzeug, ein einfaches Netzwerkkabel-Set und feine Schraubendreher f\u00fcr jede Handyreperatur oder zum Installieren der Wlan-Steuerung in deinem Ventilator. F\u00fcr alle&hellip;&nbsp;<a href=\"https:\/\/innwerk.org\/en\/werkstatt\/elektronik\/\" rel=\"bookmark\">Read More &raquo;<span class=\"screen-reader-text\">Elektronik-Werkstatt<\/span><\/a><\/p>","protected":false},"author":4,"featured_media":0,"parent":338,"menu_order":0,"comment_status":"closed","ping_status":"closed","template":"page-templates\/template-pagebuilder-full-width.php","meta":{"neve_meta_sidebar":"","neve_meta_container":"","neve_meta_enable_content_width":"","neve_meta_content_width":0,"neve_meta_title_alignment":"","neve_meta_author_avatar":"","neve_post_elements_order":"","neve_meta_disable_header":"","neve_meta_disable_footer":"","neve_meta_disable_title":"","footnotes":""},"class_list":["post-2810","page","type-page","status-publish","hentry"],"_links":{"self":[{"href":"https:\/\/innwerk.org\/en\/wp-json\/wp\/v2\/pages\/2810","targetHints":{"allow":["GET"]}}],"collection":[{"href":"https:\/\/innwerk.org\/en\/wp-json\/wp\/v2\/pages"}],"about":[{"href":"https:\/\/innwerk.org\/en\/wp-json\/wp\/v2\/types\/page"}],"author":[{"embeddable":true,"href":"https:\/\/innwerk.org\/en\/wp-json\/wp\/v2\/users\/4"}],"replies":[{"embeddable":true,"href":"https:\/\/innwerk.org\/en\/wp-json\/wp\/v2\/comments?post=2810"}],"version-history":[{"count":65,"href":"https:\/\/innwerk.org\/en\/wp-json\/wp\/v2\/pages\/2810\/revisions"}],"predecessor-version":[{"id":4554,"href":"https:\/\/innwerk.org\/en\/wp-json\/wp\/v2\/pages\/2810\/revisions\/4554"}],"up":[{"embeddable":true,"href":"https:\/\/innwerk.org\/en\/wp-json\/wp\/v2\/pages\/338"}],"wp:attachment":[{"href":"https:\/\/innwerk.org\/en\/wp-json\/wp\/v2\/media?parent=2810"}],"curies":[{"name":"wp","href":"https:\/\/api.w.org\/{rel}","templated":true}]}}