{"id":2797,"date":"2022-06-07T13:59:47","date_gmt":"2022-06-07T11:59:47","guid":{"rendered":"https:\/\/innwerk.org\/?page_id=2797"},"modified":"2026-03-16T12:33:57","modified_gmt":"2026-03-16T11:33:57","slug":"metall","status":"publish","type":"page","link":"https:\/\/innwerk.org\/en\/werkstatt\/metall\/","title":{"rendered":"Metall-Werkstatt"},"content":{"rendered":"<div data-elementor-type=\"wp-page\" data-elementor-id=\"2797\" class=\"elementor elementor-2797\">\n\t\t\t\t\t\t<section class=\"elementor-section elementor-top-section elementor-element elementor-element-3bfb105 elementor-section-boxed elementor-section-height-default elementor-section-height-default\" data-id=\"3bfb105\" data-element_type=\"section\" data-e-type=\"section\">\n\t\t\t\t\t\t<div class=\"elementor-container elementor-column-gap-default\">\n\t\t\t\t\t<div class=\"elementor-column elementor-col-100 elementor-top-column elementor-element elementor-element-1254949\" data-id=\"1254949\" data-element_type=\"column\" data-e-type=\"column\">\n\t\t\t<div class=\"elementor-widget-wrap elementor-element-populated\">\n\t\t\t\t\t\t<div class=\"elementor-element elementor-element-979cbb6 elementor-widget elementor-widget-spacer\" data-id=\"979cbb6\" data-element_type=\"widget\" data-e-type=\"widget\" data-widget_type=\"spacer.default\">\n\t\t\t\t<div class=\"elementor-widget-container\">\n\t\t\t\t\t\t\t<div class=\"elementor-spacer\">\n\t\t\t<div class=\"elementor-spacer-inner\"><\/div>\n\t\t<\/div>\n\t\t\t\t\t\t<\/div>\n\t\t\t\t<\/div>\n\t\t\t\t\t<\/div>\n\t\t<\/div>\n\t\t\t\t\t<\/div>\n\t\t<\/section>\n\t\t\t\t<section class=\"elementor-section elementor-top-section elementor-element elementor-element-2b4f7a5 elementor-section-boxed elementor-section-height-default elementor-section-height-default\" data-id=\"2b4f7a5\" data-element_type=\"section\" data-e-type=\"section\">\n\t\t\t\t\t\t<div class=\"elementor-container elementor-column-gap-default\">\n\t\t\t\t\t<div class=\"elementor-column elementor-col-100 elementor-top-column elementor-element elementor-element-80b8255\" data-id=\"80b8255\" data-element_type=\"column\" data-e-type=\"column\">\n\t\t\t<div class=\"elementor-widget-wrap elementor-element-populated\">\n\t\t\t\t\t\t<div class=\"elementor-element elementor-element-03a8f46 elementor-widget elementor-widget-heading\" data-id=\"03a8f46\" data-element_type=\"widget\" data-e-type=\"widget\" data-widget_type=\"heading.default\">\n\t\t\t\t<div class=\"elementor-widget-container\">\n\t\t\t\t\t<h2 class=\"elementor-heading-title elementor-size-default\">The Metal Smithy<\/h2>\t\t\t\t<\/div>\n\t\t\t\t<\/div>\n\t\t\t\t\t<\/div>\n\t\t<\/div>\n\t\t\t\t\t<\/div>\n\t\t<\/section>\n\t\t\t\t<section class=\"elementor-section elementor-top-section elementor-element elementor-element-d4fe73a elementor-section-boxed elementor-section-height-default elementor-section-height-default\" data-id=\"d4fe73a\" data-element_type=\"section\" data-e-type=\"section\">\n\t\t\t\t\t\t<div class=\"elementor-container elementor-column-gap-default\">\n\t\t\t\t\t<div class=\"elementor-column elementor-col-100 elementor-top-column elementor-element elementor-element-30c7f1f\" data-id=\"30c7f1f\" data-element_type=\"column\" data-e-type=\"column\">\n\t\t\t<div class=\"elementor-widget-wrap elementor-element-populated\">\n\t\t\t\t\t\t<div class=\"elementor-element elementor-element-4d7a6bc elementor-widget elementor-widget-spacer\" data-id=\"4d7a6bc\" data-element_type=\"widget\" data-e-type=\"widget\" data-widget_type=\"spacer.default\">\n\t\t\t\t<div class=\"elementor-widget-container\">\n\t\t\t\t\t\t\t<div class=\"elementor-spacer\">\n\t\t\t<div class=\"elementor-spacer-inner\"><\/div>\n\t\t<\/div>\n\t\t\t\t\t\t<\/div>\n\t\t\t\t<\/div>\n\t\t\t\t\t<\/div>\n\t\t<\/div>\n\t\t\t\t\t<\/div>\n\t\t<\/section>\n\t\t\t\t<section class=\"elementor-section elementor-top-section elementor-element elementor-element-e0ecaa9 elementor-section-boxed elementor-section-height-default elementor-section-height-default\" data-id=\"e0ecaa9\" data-element_type=\"section\" data-e-type=\"section\">\n\t\t\t\t\t\t<div class=\"elementor-container elementor-column-gap-default\">\n\t\t\t\t\t<div class=\"elementor-column elementor-col-33 elementor-top-column elementor-element elementor-element-aa638dc\" data-id=\"aa638dc\" data-element_type=\"column\" data-e-type=\"column\">\n\t\t\t<div class=\"elementor-widget-wrap elementor-element-populated\">\n\t\t\t\t\t\t<div class=\"elementor-element elementor-element-342f6cf gallery-spacing-custom elementor-invisible elementor-widget elementor-widget-image-gallery\" data-id=\"342f6cf\" data-element_type=\"widget\" data-e-type=\"widget\" data-settings=\"{&quot;_animation&quot;:&quot;pulse&quot;}\" data-widget_type=\"image-gallery.default\">\n\t\t\t\t<div class=\"elementor-widget-container\">\n\t\t\t\t\t\t\t<div class=\"elementor-image-gallery\">\n\t\t\t<div id='gallery-1' class='gallery galleryid-2797 gallery-columns-2 gallery-size-medium_large'><figure class='gallery-item'>\n\t\t\t<div class='gallery-icon landscape'>\n\t\t\t\t<a data-elementor-open-lightbox=\"yes\" data-elementor-lightbox-slideshow=\"342f6cf\" data-elementor-lightbox-title=\"22-02-09 17-25-51 9523 quer\" data-e-action-hash=\"#elementor-action%3Aaction%3Dlightbox%26settings%3DeyJpZCI6MTMxNywidXJsIjoiaHR0cHM6XC9cL2lubndlcmsub3JnXC93cC1jb250ZW50XC91cGxvYWRzXC8yMDIyXC8wMlwvMjItMDItMDktMTctMjUtNTEtOTUyMy1xdWVyLXNjYWxlZC5qcGciLCJzbGlkZXNob3ciOiIzNDJmNmNmIn0%3D\" href='https:\/\/innwerk.org\/wp-content\/uploads\/2022\/02\/22-02-09-17-25-51-9523-quer-scaled.jpg'><img fetchpriority=\"high\" decoding=\"async\" width=\"768\" height=\"576\" src=\"https:\/\/innwerk.org\/wp-content\/uploads\/2022\/02\/22-02-09-17-25-51-9523-quer-768x576.jpg\" class=\"attachment-medium_large size-medium_large\" alt=\"\" aria-describedby=\"gallery-1-1317\" srcset=\"https:\/\/innwerk.org\/wp-content\/uploads\/2022\/02\/22-02-09-17-25-51-9523-quer-768x576.jpg 768w, https:\/\/innwerk.org\/wp-content\/uploads\/2022\/02\/22-02-09-17-25-51-9523-quer-300x225.jpg 300w, https:\/\/innwerk.org\/wp-content\/uploads\/2022\/02\/22-02-09-17-25-51-9523-quer-1024x768.jpg 1024w, https:\/\/innwerk.org\/wp-content\/uploads\/2022\/02\/22-02-09-17-25-51-9523-quer-1536x1152.jpg 1536w, https:\/\/innwerk.org\/wp-content\/uploads\/2022\/02\/22-02-09-17-25-51-9523-quer-2048x1536.jpg 2048w\" sizes=\"(max-width: 768px) 100vw, 768px\" \/><\/a>\n\t\t\t<\/div>\n\t\t\t\t<figcaption class='wp-caption-text gallery-caption' id='gallery-1-1317'>\n\t\t\t\tMetal\n\t\t\t\t<\/figcaption><\/figure><figure class='gallery-item'>\n\t\t\t<div class='gallery-icon landscape'>\n\t\t\t\t<a data-elementor-open-lightbox=\"yes\" data-elementor-lightbox-slideshow=\"342f6cf\" data-elementor-lightbox-title=\"22-02-09 17-21-17 9517\" data-e-action-hash=\"#elementor-action%3Aaction%3Dlightbox%26settings%3DeyJpZCI6MTMyMSwidXJsIjoiaHR0cHM6XC9cL2lubndlcmsub3JnXC93cC1jb250ZW50XC91cGxvYWRzXC8yMDIyXC8wMlwvMjItMDItMDktMTctMjEtMTctOTUxNy0xLXNjYWxlZC5qcGciLCJzbGlkZXNob3ciOiIzNDJmNmNmIn0%3D\" href='https:\/\/innwerk.org\/wp-content\/uploads\/2022\/02\/22-02-09-17-21-17-9517-1-scaled.jpg'><img decoding=\"async\" width=\"768\" height=\"576\" src=\"https:\/\/innwerk.org\/wp-content\/uploads\/2022\/02\/22-02-09-17-21-17-9517-1-768x576.jpg\" class=\"attachment-medium_large size-medium_large\" alt=\"\" srcset=\"https:\/\/innwerk.org\/wp-content\/uploads\/2022\/02\/22-02-09-17-21-17-9517-1-768x576.jpg 768w, https:\/\/innwerk.org\/wp-content\/uploads\/2022\/02\/22-02-09-17-21-17-9517-1-300x225.jpg 300w, https:\/\/innwerk.org\/wp-content\/uploads\/2022\/02\/22-02-09-17-21-17-9517-1-1024x768.jpg 1024w, https:\/\/innwerk.org\/wp-content\/uploads\/2022\/02\/22-02-09-17-21-17-9517-1-1536x1152.jpg 1536w, https:\/\/innwerk.org\/wp-content\/uploads\/2022\/02\/22-02-09-17-21-17-9517-1-2048x1536.jpg 2048w\" sizes=\"(max-width: 768px) 100vw, 768px\" \/><\/a>\n\t\t\t<\/div><\/figure><figure class='gallery-item'>\n\t\t\t<div class='gallery-icon portrait'>\n\t\t\t\t<a data-elementor-open-lightbox=\"yes\" data-elementor-lightbox-slideshow=\"342f6cf\" data-elementor-lightbox-title=\"22-02-09 17-21-03 9515\" data-e-action-hash=\"#elementor-action%3Aaction%3Dlightbox%26settings%3DeyJpZCI6MTI5OCwidXJsIjoiaHR0cHM6XC9cL2lubndlcmsub3JnXC93cC1jb250ZW50XC91cGxvYWRzXC8yMDIyXC8wMlwvMjItMDItMDktMTctMjEtMDMtOTUxNS1zY2FsZWQuanBnIiwic2xpZGVzaG93IjoiMzQyZjZjZiJ9\" href='https:\/\/innwerk.org\/wp-content\/uploads\/2022\/02\/22-02-09-17-21-03-9515-scaled.jpg'><img decoding=\"async\" width=\"768\" height=\"1024\" src=\"https:\/\/innwerk.org\/wp-content\/uploads\/2022\/02\/22-02-09-17-21-03-9515-768x1024.jpg\" class=\"attachment-medium_large size-medium_large\" alt=\"\" srcset=\"https:\/\/innwerk.org\/wp-content\/uploads\/2022\/02\/22-02-09-17-21-03-9515-768x1024.jpg 768w, https:\/\/innwerk.org\/wp-content\/uploads\/2022\/02\/22-02-09-17-21-03-9515-225x300.jpg 225w, https:\/\/innwerk.org\/wp-content\/uploads\/2022\/02\/22-02-09-17-21-03-9515-1152x1536.jpg 1152w, https:\/\/innwerk.org\/wp-content\/uploads\/2022\/02\/22-02-09-17-21-03-9515-1536x2048.jpg 1536w, https:\/\/innwerk.org\/wp-content\/uploads\/2022\/02\/22-02-09-17-21-03-9515-scaled.jpg 1920w\" sizes=\"(max-width: 768px) 100vw, 768px\" \/><\/a>\n\t\t\t<\/div><\/figure><figure class='gallery-item'>\n\t\t\t<div class='gallery-icon portrait'>\n\t\t\t\t<a data-elementor-open-lightbox=\"yes\" data-elementor-lightbox-slideshow=\"342f6cf\" data-elementor-lightbox-title=\"22-02-09 17-16-35 9500\" data-e-action-hash=\"#elementor-action%3Aaction%3Dlightbox%26settings%3DeyJpZCI6MTI5NSwidXJsIjoiaHR0cHM6XC9cL2lubndlcmsub3JnXC93cC1jb250ZW50XC91cGxvYWRzXC8yMDIyXC8wMlwvMjItMDItMDktMTctMTYtMzUtOTUwMC1zY2FsZWQuanBnIiwic2xpZGVzaG93IjoiMzQyZjZjZiJ9\" href='https:\/\/innwerk.org\/wp-content\/uploads\/2022\/02\/22-02-09-17-16-35-9500-scaled.jpg'><img loading=\"lazy\" decoding=\"async\" width=\"768\" height=\"1024\" src=\"https:\/\/innwerk.org\/wp-content\/uploads\/2022\/02\/22-02-09-17-16-35-9500-768x1024.jpg\" class=\"attachment-medium_large size-medium_large\" alt=\"\" srcset=\"https:\/\/innwerk.org\/wp-content\/uploads\/2022\/02\/22-02-09-17-16-35-9500-768x1024.jpg 768w, https:\/\/innwerk.org\/wp-content\/uploads\/2022\/02\/22-02-09-17-16-35-9500-225x300.jpg 225w, https:\/\/innwerk.org\/wp-content\/uploads\/2022\/02\/22-02-09-17-16-35-9500-1152x1536.jpg 1152w, https:\/\/innwerk.org\/wp-content\/uploads\/2022\/02\/22-02-09-17-16-35-9500-1536x2048.jpg 1536w, https:\/\/innwerk.org\/wp-content\/uploads\/2022\/02\/22-02-09-17-16-35-9500-scaled.jpg 1920w\" sizes=\"(max-width: 768px) 100vw, 768px\" \/><\/a>\n\t\t\t<\/div><\/figure>\n\t\t<\/div>\n\t\t<\/div>\n\t\t\t\t\t\t<\/div>\n\t\t\t\t<\/div>\n\t\t\t\t\t<\/div>\n\t\t<\/div>\n\t\t\t\t<div class=\"elementor-column elementor-col-33 elementor-top-column elementor-element elementor-element-9f003a0\" data-id=\"9f003a0\" data-element_type=\"column\" data-e-type=\"column\">\n\t\t\t<div class=\"elementor-widget-wrap elementor-element-populated\">\n\t\t\t\t\t\t<div class=\"elementor-element elementor-element-3284ad3 elementor-widget elementor-widget-text-editor\" data-id=\"3284ad3\" data-element_type=\"widget\" data-e-type=\"widget\" data-widget_type=\"text-editor.default\">\n\t\t\t\t<div class=\"elementor-widget-container\">\n\t\t\t\t\t\t\t\t\t<p>Unsere Metall-Werkstatt befindet sich noch im Ausbau.<br \/>Aktuell findest du bei uns Winkelschleifer, Metalls\u00e4gen, Feilen und ein Schutzgas- (Mig\/Mag) Schwei\u00dfger\u00e4t.<\/p><p>However, since our tool collection is constantly growing, it's best if you just drop by.<br \/>We also welcome suggestions and initiative when it comes to further equip the workshop.<\/p><p><strong>For all questions relating to metalwork, please contact Pepe.<\/strong><\/p>\t\t\t\t\t\t\t\t<\/div>\n\t\t\t\t<\/div>\n\t\t\t\t\t<\/div>\n\t\t<\/div>\n\t\t\t\t<div class=\"elementor-column elementor-col-33 elementor-top-column elementor-element elementor-element-555191f\" data-id=\"555191f\" data-element_type=\"column\" data-e-type=\"column\">\n\t\t\t<div class=\"elementor-widget-wrap elementor-element-populated\">\n\t\t\t\t\t\t<section class=\"elementor-section elementor-inner-section elementor-element elementor-element-36ec1b8 elementor-section-boxed elementor-section-height-default elementor-section-height-default\" data-id=\"36ec1b8\" data-element_type=\"section\" data-e-type=\"section\">\n\t\t\t\t\t\t<div class=\"elementor-container elementor-column-gap-default\">\n\t\t\t\t\t<div class=\"elementor-column elementor-col-100 elementor-inner-column elementor-element elementor-element-31fcd87\" data-id=\"31fcd87\" data-element_type=\"column\" data-e-type=\"column\">\n\t\t\t<div class=\"elementor-widget-wrap elementor-element-populated\">\n\t\t\t\t\t\t<div class=\"elementor-element elementor-element-e9b89b3 elementor-widget__width-initial elementor-invisible elementor-widget elementor-widget-image\" data-id=\"e9b89b3\" data-element_type=\"widget\" data-e-type=\"widget\" data-settings=\"{&quot;_animation&quot;:&quot;pulse&quot;}\" data-widget_type=\"image.default\">\n\t\t\t\t<div class=\"elementor-widget-container\">\n\t\t\t\t\t\t\t\t\t\t\t\t\t\t\t\t<a href=\"https:\/\/innwerk.org\/en\/team\/\">\n\t\t\t\t\t\t\t<img loading=\"lazy\" decoding=\"async\" width=\"768\" height=\"768\" src=\"https:\/\/innwerk.org\/wp-content\/uploads\/2022\/02\/Peppi-Pic-768x768.jpg\" class=\"elementor-animation-shrink attachment-medium_large size-medium_large wp-image-1385\" alt=\"\" srcset=\"https:\/\/innwerk.org\/wp-content\/uploads\/2022\/02\/Peppi-Pic-768x768.jpg 768w, https:\/\/innwerk.org\/wp-content\/uploads\/2022\/02\/Peppi-Pic-300x300.jpg 300w, https:\/\/innwerk.org\/wp-content\/uploads\/2022\/02\/Peppi-Pic-1024x1024.jpg 1024w, https:\/\/innwerk.org\/wp-content\/uploads\/2022\/02\/Peppi-Pic-150x150.jpg 150w, https:\/\/innwerk.org\/wp-content\/uploads\/2022\/02\/Peppi-Pic-1536x1536.jpg 1536w, https:\/\/innwerk.org\/wp-content\/uploads\/2022\/02\/Peppi-Pic-2048x2048.jpg 2048w\" sizes=\"(max-width: 768px) 100vw, 768px\" \/>\t\t\t\t\t\t\t\t<\/a>\n\t\t\t\t\t\t\t\t\t\t\t\t\t\t\t<\/div>\n\t\t\t\t<\/div>\n\t\t\t\t<div class=\"elementor-element elementor-element-854daa2 elementor-widget elementor-widget-text-editor\" data-id=\"854daa2\" data-element_type=\"widget\" data-e-type=\"widget\" data-widget_type=\"text-editor.default\">\n\t\t\t\t<div class=\"elementor-widget-container\">\n\t\t\t\t\t\t\t\t\t<p><strong>Pepe<\/strong><br \/><a href=\"mailto:pepe@innwerk.org\">pepe@innwerk.org<\/a><\/p>\t\t\t\t\t\t\t\t<\/div>\n\t\t\t\t<\/div>\n\t\t\t\t\t<\/div>\n\t\t<\/div>\n\t\t\t\t\t<\/div>\n\t\t<\/section>\n\t\t\t\t\t<\/div>\n\t\t<\/div>\n\t\t\t\t\t<\/div>\n\t\t<\/section>\n\t\t\t\t<\/div>","protected":false},"excerpt":{"rendered":"<p>Die Metall-Werkstatt Metall Unsere Metall-Werkstatt befindet sich noch im Ausbau.Aktuell findest du bei uns Winkelschleifer, Metalls\u00e4gen, Feilen und ein Schutzgas- (Mig\/Mag) Schwei\u00dfger\u00e4t. Da unsere Werkzeugsammlung jedoch stetig w\u00e4chst ist es am besten, wenn du einfach mal\u00a0 vorbeischaust.Wir freuen uns auch \u00fcber Anregung und Initiative, wenn es darum geht die Werkstatt weiter auszustatten. F\u00fcr alle Fragen&hellip;&nbsp;<a href=\"https:\/\/innwerk.org\/en\/werkstatt\/metall\/\" rel=\"bookmark\">Read More &raquo;<span class=\"screen-reader-text\">Metall-Werkstatt<\/span><\/a><\/p>","protected":false},"author":4,"featured_media":0,"parent":338,"menu_order":0,"comment_status":"closed","ping_status":"closed","template":"page-templates\/template-pagebuilder-full-width.php","meta":{"neve_meta_sidebar":"","neve_meta_container":"","neve_meta_enable_content_width":"","neve_meta_content_width":0,"neve_meta_title_alignment":"","neve_meta_author_avatar":"","neve_post_elements_order":"","neve_meta_disable_header":"","neve_meta_disable_footer":"","neve_meta_disable_title":"","footnotes":""},"class_list":["post-2797","page","type-page","status-publish","hentry"],"_links":{"self":[{"href":"https:\/\/innwerk.org\/en\/wp-json\/wp\/v2\/pages\/2797","targetHints":{"allow":["GET"]}}],"collection":[{"href":"https:\/\/innwerk.org\/en\/wp-json\/wp\/v2\/pages"}],"about":[{"href":"https:\/\/innwerk.org\/en\/wp-json\/wp\/v2\/types\/page"}],"author":[{"embeddable":true,"href":"https:\/\/innwerk.org\/en\/wp-json\/wp\/v2\/users\/4"}],"replies":[{"embeddable":true,"href":"https:\/\/innwerk.org\/en\/wp-json\/wp\/v2\/comments?post=2797"}],"version-history":[{"count":54,"href":"https:\/\/innwerk.org\/en\/wp-json\/wp\/v2\/pages\/2797\/revisions"}],"predecessor-version":[{"id":5722,"href":"https:\/\/innwerk.org\/en\/wp-json\/wp\/v2\/pages\/2797\/revisions\/5722"}],"up":[{"embeddable":true,"href":"https:\/\/innwerk.org\/en\/wp-json\/wp\/v2\/pages\/338"}],"wp:attachment":[{"href":"https:\/\/innwerk.org\/en\/wp-json\/wp\/v2\/media?parent=2797"}],"curies":[{"name":"wp","href":"https:\/\/api.w.org\/{rel}","templated":true}]}}