{"id":2781,"date":"2022-06-07T13:52:04","date_gmt":"2022-06-07T11:52:04","guid":{"rendered":"https:\/\/innwerk.org\/?page_id=2781"},"modified":"2025-09-04T16:02:03","modified_gmt":"2025-09-04T14:02:03","slug":"holz","status":"publish","type":"page","link":"https:\/\/innwerk.org\/en\/werkstatt\/holz\/","title":{"rendered":"Holz-Werkstatt"},"content":{"rendered":"<div data-elementor-type=\"wp-page\" data-elementor-id=\"2781\" class=\"elementor elementor-2781\">\n\t\t\t\t\t\t<section class=\"elementor-section elementor-top-section elementor-element elementor-element-241175a elementor-section-boxed elementor-section-height-default elementor-section-height-default\" data-id=\"241175a\" data-element_type=\"section\" data-e-type=\"section\">\n\t\t\t\t\t\t<div class=\"elementor-container elementor-column-gap-default\">\n\t\t\t\t\t<div class=\"elementor-column elementor-col-100 elementor-top-column elementor-element elementor-element-bb0d5c8\" data-id=\"bb0d5c8\" data-element_type=\"column\" data-e-type=\"column\">\n\t\t\t<div class=\"elementor-widget-wrap elementor-element-populated\">\n\t\t\t\t\t\t<div class=\"elementor-element elementor-element-d788ad6 elementor-widget elementor-widget-spacer\" data-id=\"d788ad6\" data-element_type=\"widget\" data-e-type=\"widget\" data-widget_type=\"spacer.default\">\n\t\t\t\t<div class=\"elementor-widget-container\">\n\t\t\t\t\t\t\t<div class=\"elementor-spacer\">\n\t\t\t<div class=\"elementor-spacer-inner\"><\/div>\n\t\t<\/div>\n\t\t\t\t\t\t<\/div>\n\t\t\t\t<\/div>\n\t\t\t\t\t<\/div>\n\t\t<\/div>\n\t\t\t\t\t<\/div>\n\t\t<\/section>\n\t\t\t\t<section class=\"elementor-section elementor-top-section elementor-element elementor-element-e19703e elementor-section-boxed elementor-section-height-default elementor-section-height-default\" data-id=\"e19703e\" data-element_type=\"section\" data-e-type=\"section\">\n\t\t\t\t\t\t<div class=\"elementor-container elementor-column-gap-default\">\n\t\t\t\t\t<div class=\"elementor-column elementor-col-100 elementor-top-column elementor-element elementor-element-944e070\" data-id=\"944e070\" data-element_type=\"column\" data-e-type=\"column\">\n\t\t\t<div class=\"elementor-widget-wrap elementor-element-populated\">\n\t\t\t\t\t\t<div class=\"elementor-element elementor-element-26d55a2 elementor-widget elementor-widget-heading\" data-id=\"26d55a2\" data-element_type=\"widget\" data-e-type=\"widget\" data-widget_type=\"heading.default\">\n\t\t\t\t<div class=\"elementor-widget-container\">\n\t\t\t\t\t<h2 class=\"elementor-heading-title elementor-size-default\">The Woodworkshop<\/h2>\t\t\t\t<\/div>\n\t\t\t\t<\/div>\n\t\t\t\t\t<\/div>\n\t\t<\/div>\n\t\t\t\t\t<\/div>\n\t\t<\/section>\n\t\t\t\t<section class=\"elementor-section elementor-top-section elementor-element elementor-element-443213e elementor-section-boxed elementor-section-height-default elementor-section-height-default\" data-id=\"443213e\" data-element_type=\"section\" data-e-type=\"section\">\n\t\t\t\t\t\t<div class=\"elementor-container elementor-column-gap-default\">\n\t\t\t\t\t<div class=\"elementor-column elementor-col-100 elementor-top-column elementor-element elementor-element-8c4199d\" data-id=\"8c4199d\" data-element_type=\"column\" data-e-type=\"column\">\n\t\t\t<div class=\"elementor-widget-wrap elementor-element-populated\">\n\t\t\t\t\t\t<div class=\"elementor-element elementor-element-9ddd9c3 elementor-widget elementor-widget-spacer\" data-id=\"9ddd9c3\" data-element_type=\"widget\" data-e-type=\"widget\" data-widget_type=\"spacer.default\">\n\t\t\t\t<div class=\"elementor-widget-container\">\n\t\t\t\t\t\t\t<div class=\"elementor-spacer\">\n\t\t\t<div class=\"elementor-spacer-inner\"><\/div>\n\t\t<\/div>\n\t\t\t\t\t\t<\/div>\n\t\t\t\t<\/div>\n\t\t\t\t\t<\/div>\n\t\t<\/div>\n\t\t\t\t\t<\/div>\n\t\t<\/section>\n\t\t\t\t<section class=\"elementor-section elementor-top-section elementor-element elementor-element-603b7b1 elementor-section-boxed elementor-section-height-default elementor-section-height-default\" data-id=\"603b7b1\" data-element_type=\"section\" data-e-type=\"section\">\n\t\t\t\t\t\t<div class=\"elementor-container elementor-column-gap-default\">\n\t\t\t\t\t<div class=\"elementor-column elementor-col-33 elementor-top-column elementor-element elementor-element-070d4b6\" data-id=\"070d4b6\" data-element_type=\"column\" data-e-type=\"column\">\n\t\t\t<div class=\"elementor-widget-wrap elementor-element-populated\">\n\t\t\t\t\t\t<div class=\"elementor-element elementor-element-21bc21c gallery-spacing-custom elementor-invisible elementor-widget elementor-widget-image-gallery\" data-id=\"21bc21c\" data-element_type=\"widget\" data-e-type=\"widget\" data-settings=\"{&quot;_animation&quot;:&quot;pulse&quot;}\" data-widget_type=\"image-gallery.default\">\n\t\t\t\t<div class=\"elementor-widget-container\">\n\t\t\t\t\t\t\t<div class=\"elementor-image-gallery\">\n\t\t\t<div id='gallery-1' class='gallery galleryid-2781 gallery-columns-2 gallery-size-thumbnail'><figure class='gallery-item'>\n\t\t\t<div class='gallery-icon portrait'>\n\t\t\t\t<a data-elementor-open-lightbox=\"yes\" data-elementor-lightbox-slideshow=\"21bc21c\" data-e-action-hash=\"#elementor-action%3Aaction%3Dlightbox%26settings%3DeyJpZCI6MjcxOCwidXJsIjoiaHR0cHM6XC9cL2lubndlcmsub3JnXC93cC1jb250ZW50XC91cGxvYWRzXC8yMDIyXC8wNlwvMjItMDUtMTAtMTYtNTEtMTQtMDYxNi1zY2FsZWQuanBnIiwic2xpZGVzaG93IjoiMjFiYzIxYyJ9\" href='https:\/\/innwerk.org\/wp-content\/uploads\/2022\/06\/22-05-10-16-51-14-0616-scaled.jpg'><img decoding=\"async\" width=\"150\" height=\"150\" src=\"https:\/\/innwerk.org\/wp-content\/uploads\/2022\/06\/22-05-10-16-51-14-0616-150x150.jpg\" class=\"attachment-thumbnail size-thumbnail\" alt=\"\" \/><\/a>\n\t\t\t<\/div><\/figure><figure class='gallery-item'>\n\t\t\t<div class='gallery-icon landscape'>\n\t\t\t\t<a data-elementor-open-lightbox=\"yes\" data-elementor-lightbox-slideshow=\"21bc21c\" data-e-action-hash=\"#elementor-action%3Aaction%3Dlightbox%26settings%3DeyJpZCI6MjM2NiwidXJsIjoiaHR0cHM6XC9cL2lubndlcmsub3JnXC93cC1jb250ZW50XC91cGxvYWRzXC8yMDIyXC8wM1wvV2Vya2JhbmtiYXUtc2NhbGVkLmpwZyIsInNsaWRlc2hvdyI6IjIxYmMyMWMifQ%3D%3D\" href='https:\/\/innwerk.org\/wp-content\/uploads\/2022\/03\/Werkbankbau-scaled.jpg'><img decoding=\"async\" width=\"150\" height=\"150\" src=\"https:\/\/innwerk.org\/wp-content\/uploads\/2022\/03\/Werkbankbau-150x150.jpg\" class=\"attachment-thumbnail size-thumbnail\" alt=\"\" \/><\/a>\n\t\t\t<\/div><\/figure><figure class='gallery-item'>\n\t\t\t<div class='gallery-icon portrait'>\n\t\t\t\t<a data-elementor-open-lightbox=\"yes\" data-elementor-lightbox-slideshow=\"21bc21c\" data-e-action-hash=\"#elementor-action%3Aaction%3Dlightbox%26settings%3DeyJpZCI6MTQzMywidXJsIjoiaHR0cHM6XC9cL2lubndlcmsub3JnXC93cC1jb250ZW50XC91cGxvYWRzXC8yMDIyXC8wMlwvSU1HXzE5Nzctc2NhbGVkLmpwZyIsInNsaWRlc2hvdyI6IjIxYmMyMWMifQ%3D%3D\" data-elementor-lightbox-title=\"IMG_1977\" href='https:\/\/innwerk.org\/wp-content\/uploads\/2022\/02\/IMG_1977-scaled.jpg'><img decoding=\"async\" width=\"150\" height=\"150\" src=\"https:\/\/innwerk.org\/wp-content\/uploads\/2022\/02\/IMG_1977-150x150.jpg\" class=\"attachment-thumbnail size-thumbnail\" alt=\"\" aria-describedby=\"gallery-1-1433\" \/><\/a>\n\t\t\t<\/div>\n\t\t\t\t<figcaption class='wp-caption-text gallery-caption' id='gallery-1-1433'>\n\t\t\t\tWoodworking\n\t\t\t\t<\/figcaption><\/figure><figure class='gallery-item'>\n\t\t\t<div class='gallery-icon portrait'>\n\t\t\t\t<a data-elementor-open-lightbox=\"yes\" data-elementor-lightbox-slideshow=\"21bc21c\" data-e-action-hash=\"#elementor-action%3Aaction%3Dlightbox%26settings%3DeyJpZCI6Mjc4MCwidXJsIjoiaHR0cHM6XC9cL2lubndlcmsub3JnXC93cC1jb250ZW50XC91cGxvYWRzXC8yMDIyXC8wNlwvMjItMDYtMDctMTItMzctNTItMDY3Ny1zY2FsZWQuanBnIiwic2xpZGVzaG93IjoiMjFiYzIxYyJ9\" data-elementor-lightbox-title=\"IMG_1977\" href='https:\/\/innwerk.org\/wp-content\/uploads\/2022\/06\/22-06-07-12-37-52-0677-scaled.jpg'><img loading=\"lazy\" decoding=\"async\" width=\"150\" height=\"150\" src=\"https:\/\/innwerk.org\/wp-content\/uploads\/2022\/06\/22-06-07-12-37-52-0677-150x150.jpg\" class=\"attachment-thumbnail size-thumbnail\" alt=\"\" \/><\/a>\n\t\t\t<\/div><\/figure>\n\t\t<\/div>\n\t\t<\/div>\n\t\t\t\t\t\t<\/div>\n\t\t\t\t<\/div>\n\t\t\t\t\t<\/div>\n\t\t<\/div>\n\t\t\t\t<div class=\"elementor-column elementor-col-33 elementor-top-column elementor-element elementor-element-224e3f9\" data-id=\"224e3f9\" data-element_type=\"column\" data-e-type=\"column\">\n\t\t\t<div class=\"elementor-widget-wrap elementor-element-populated\">\n\t\t\t\t\t\t<div class=\"elementor-element elementor-element-fd97226 elementor-widget elementor-widget-text-editor\" data-id=\"fd97226\" data-element_type=\"widget\" data-e-type=\"widget\" data-widget_type=\"text-editor.default\">\n\t\t\t\t<div class=\"elementor-widget-container\">\n\t\t\t\t\t\t\t\t\t<p style=\"text-align: left; padding-left: 40px;\">Working with wood at home is often rather unsatisfactory. Why not come to the Innwerk to saw, screw and plane?<br \/>We have a jigsaw, a band saw, a chop saw and several screwdrivers, but also hand saws, planes and carving knives for your carpentry and art projects.<\/p><p style=\"text-align: left; padding-left: 40px;\">Since our tool collection is constantly growing, it's best if you just drop by.<\/p>\t\t\t\t\t\t\t\t<\/div>\n\t\t\t\t<\/div>\n\t\t\t\t<div class=\"elementor-element elementor-element-25faa70 elementor-widget elementor-widget-text-editor\" data-id=\"25faa70\" data-element_type=\"widget\" data-e-type=\"widget\" data-widget_type=\"text-editor.default\">\n\t\t\t\t<div class=\"elementor-widget-container\">\n\t\t\t\t\t\t\t\t\t<p style=\"text-align: left; padding-left: 40px;\"><strong><span style=\"background-color: var(--nv-site-bg); color: var( --e-global-color-nvtextcolor ); font-family: var(--bodyFontFamily),var(--nv-fallback-ff); font-size: var(--bodyFontSize); letter-spacing: var(--bodyLetterSpacing); text-transform: var(--bodyTextTransform);\">For all questions relating to wood, please contact Georg.<\/span><\/strong><\/p>\t\t\t\t\t\t\t\t<\/div>\n\t\t\t\t<\/div>\n\t\t\t\t\t<\/div>\n\t\t<\/div>\n\t\t\t\t<div class=\"elementor-column elementor-col-33 elementor-top-column elementor-element elementor-element-99efd19\" data-id=\"99efd19\" data-element_type=\"column\" data-e-type=\"column\">\n\t\t\t<div class=\"elementor-widget-wrap elementor-element-populated\">\n\t\t\t\t\t\t<div class=\"elementor-element elementor-element-5beb48a elementor-invisible elementor-widget elementor-widget-image\" data-id=\"5beb48a\" data-element_type=\"widget\" data-e-type=\"widget\" data-settings=\"{&quot;_animation&quot;:&quot;pulse&quot;}\" data-widget_type=\"image.default\">\n\t\t\t\t<div class=\"elementor-widget-container\">\n\t\t\t\t\t\t\t\t\t\t\t\t\t\t\t\t<a href=\"https:\/\/innwerk.org\/en\/team\/\">\n\t\t\t\t\t\t\t<img loading=\"lazy\" decoding=\"async\" width=\"150\" height=\"150\" src=\"https:\/\/innwerk.org\/wp-content\/uploads\/2023\/12\/Georg-150x150.jpeg\" class=\"elementor-animation-shrink attachment-thumbnail size-thumbnail wp-image-3911\" alt=\"\" srcset=\"https:\/\/innwerk.org\/wp-content\/uploads\/2023\/12\/Georg-150x150.jpeg 150w, https:\/\/innwerk.org\/wp-content\/uploads\/2023\/12\/Georg-300x300.jpeg 300w, https:\/\/innwerk.org\/wp-content\/uploads\/2023\/12\/Georg-1024x1024.jpeg 1024w, https:\/\/innwerk.org\/wp-content\/uploads\/2023\/12\/Georg-768x768.jpeg 768w, https:\/\/innwerk.org\/wp-content\/uploads\/2023\/12\/Georg-1536x1536.jpeg 1536w, https:\/\/innwerk.org\/wp-content\/uploads\/2023\/12\/Georg-12x12.jpeg 12w, https:\/\/innwerk.org\/wp-content\/uploads\/2023\/12\/Georg.jpeg 1728w\" sizes=\"(max-width: 150px) 100vw, 150px\" \/>\t\t\t\t\t\t\t\t<\/a>\n\t\t\t\t\t\t\t\t\t\t\t\t\t\t\t<\/div>\n\t\t\t\t<\/div>\n\t\t\t\t<div class=\"elementor-element elementor-element-091d4b9 elementor-widget elementor-widget-text-editor\" data-id=\"091d4b9\" data-element_type=\"widget\" data-e-type=\"widget\" data-widget_type=\"text-editor.default\">\n\t\t\t\t<div class=\"elementor-widget-container\">\n\t\t\t\t\t\t\t\t\t<p><strong>GEORG<\/strong><br>georg@innwerk.org<\/p>\t\t\t\t\t\t\t\t<\/div>\n\t\t\t\t<\/div>\n\t\t\t\t\t<\/div>\n\t\t<\/div>\n\t\t\t\t\t<\/div>\n\t\t<\/section>\n\t\t\t\t<section class=\"elementor-section elementor-top-section elementor-element elementor-element-9d765f4 elementor-section-boxed elementor-section-height-default elementor-section-height-default\" data-id=\"9d765f4\" data-element_type=\"section\" data-e-type=\"section\">\n\t\t\t\t\t\t<div class=\"elementor-container elementor-column-gap-default\">\n\t\t\t\t\t<div class=\"elementor-column elementor-col-100 elementor-top-column elementor-element elementor-element-5e39393\" data-id=\"5e39393\" data-element_type=\"column\" data-e-type=\"column\">\n\t\t\t<div class=\"elementor-widget-wrap\">\n\t\t\t\t\t\t\t<\/div>\n\t\t<\/div>\n\t\t\t\t\t<\/div>\n\t\t<\/section>\n\t\t\t\t<\/div>","protected":false},"excerpt":{"rendered":"<p>Die Holz-Werkstatt Holz Mit Holz arbeiten ist Zuhause h\u00e4ufig eher suboptimal. Komm doch ins Innwerk zum s\u00e4gen, schrauben und hobeln.Wir haben eine Stichs\u00e4ge, eine Bands\u00e4ge, eine Kapps\u00e4ge und mehrere Akkuschrauber, aber auch Hands\u00e4gen, Hobel und Schnitzmesser f\u00fcr deine Tischler- und Kunstprojekte. Da unsere Werkzeugsammlung stetig w\u00e4chst ist es am besten, wenn du einfach mal\u00a0 vorbeischaust.&hellip;&nbsp;<a href=\"https:\/\/innwerk.org\/en\/werkstatt\/holz\/\" rel=\"bookmark\">Read More &raquo;<span class=\"screen-reader-text\">Holz-Werkstatt<\/span><\/a><\/p>","protected":false},"author":4,"featured_media":0,"parent":338,"menu_order":0,"comment_status":"closed","ping_status":"closed","template":"page-templates\/template-pagebuilder-full-width.php","meta":{"neve_meta_sidebar":"","neve_meta_container":"","neve_meta_enable_content_width":"","neve_meta_content_width":0,"neve_meta_title_alignment":"","neve_meta_author_avatar":"","neve_post_elements_order":"","neve_meta_disable_header":"","neve_meta_disable_footer":"","neve_meta_disable_title":"","_vp_format_video_url":"","_vp_image_focal_point":[],"footnotes":""},"class_list":["post-2781","page","type-page","status-publish","hentry"],"_links":{"self":[{"href":"https:\/\/innwerk.org\/en\/wp-json\/wp\/v2\/pages\/2781","targetHints":{"allow":["GET"]}}],"collection":[{"href":"https:\/\/innwerk.org\/en\/wp-json\/wp\/v2\/pages"}],"about":[{"href":"https:\/\/innwerk.org\/en\/wp-json\/wp\/v2\/types\/page"}],"author":[{"embeddable":true,"href":"https:\/\/innwerk.org\/en\/wp-json\/wp\/v2\/users\/4"}],"replies":[{"embeddable":true,"href":"https:\/\/innwerk.org\/en\/wp-json\/wp\/v2\/comments?post=2781"}],"version-history":[{"count":29,"href":"https:\/\/innwerk.org\/en\/wp-json\/wp\/v2\/pages\/2781\/revisions"}],"predecessor-version":[{"id":4538,"href":"https:\/\/innwerk.org\/en\/wp-json\/wp\/v2\/pages\/2781\/revisions\/4538"}],"up":[{"embeddable":true,"href":"https:\/\/innwerk.org\/en\/wp-json\/wp\/v2\/pages\/338"}],"wp:attachment":[{"href":"https:\/\/innwerk.org\/en\/wp-json\/wp\/v2\/media?parent=2781"}],"curies":[{"name":"wp","href":"https:\/\/api.w.org\/{rel}","templated":true}]}}