{"id":2756,"date":"2022-06-07T13:42:09","date_gmt":"2022-06-07T11:42:09","guid":{"rendered":"https:\/\/innwerk.org\/?page_id=2756"},"modified":"2025-09-04T16:07:01","modified_gmt":"2025-09-04T14:07:01","slug":"textil","status":"publish","type":"page","link":"https:\/\/innwerk.org\/en\/werkstatt\/textil\/","title":{"rendered":"Textil-Werkstatt"},"content":{"rendered":"<div data-elementor-type=\"wp-page\" data-elementor-id=\"2756\" class=\"elementor elementor-2756\">\n\t\t\t\t\t\t<section class=\"elementor-section elementor-top-section elementor-element elementor-element-f6244b2 elementor-section-boxed elementor-section-height-default elementor-section-height-default\" data-id=\"f6244b2\" data-element_type=\"section\" data-e-type=\"section\">\n\t\t\t\t\t\t<div class=\"elementor-container elementor-column-gap-default\">\n\t\t\t\t\t<div class=\"elementor-column elementor-col-100 elementor-top-column elementor-element elementor-element-606a8a0\" data-id=\"606a8a0\" data-element_type=\"column\" data-e-type=\"column\">\n\t\t\t<div class=\"elementor-widget-wrap elementor-element-populated\">\n\t\t\t\t\t\t<div class=\"elementor-element elementor-element-4d2e60c elementor-widget elementor-widget-spacer\" data-id=\"4d2e60c\" data-element_type=\"widget\" data-e-type=\"widget\" data-widget_type=\"spacer.default\">\n\t\t\t\t<div class=\"elementor-widget-container\">\n\t\t\t\t\t\t\t<div class=\"elementor-spacer\">\n\t\t\t<div class=\"elementor-spacer-inner\"><\/div>\n\t\t<\/div>\n\t\t\t\t\t\t<\/div>\n\t\t\t\t<\/div>\n\t\t\t\t\t<\/div>\n\t\t<\/div>\n\t\t\t\t\t<\/div>\n\t\t<\/section>\n\t\t\t\t<section class=\"elementor-section elementor-top-section elementor-element elementor-element-6cb98ff elementor-section-boxed elementor-section-height-default elementor-section-height-default\" data-id=\"6cb98ff\" data-element_type=\"section\" data-e-type=\"section\">\n\t\t\t\t\t\t<div class=\"elementor-container elementor-column-gap-default\">\n\t\t\t\t\t<div class=\"elementor-column elementor-col-100 elementor-top-column elementor-element elementor-element-4440c29\" data-id=\"4440c29\" data-element_type=\"column\" data-e-type=\"column\">\n\t\t\t<div class=\"elementor-widget-wrap elementor-element-populated\">\n\t\t\t\t\t\t<div class=\"elementor-element elementor-element-ec8a82f elementor-widget elementor-widget-heading\" data-id=\"ec8a82f\" data-element_type=\"widget\" data-e-type=\"widget\" data-widget_type=\"heading.default\">\n\t\t\t\t<div class=\"elementor-widget-container\">\n\t\t\t\t\t<h2 class=\"elementor-heading-title elementor-size-default\">The Textile Studio<\/h2>\t\t\t\t<\/div>\n\t\t\t\t<\/div>\n\t\t\t\t\t<\/div>\n\t\t<\/div>\n\t\t\t\t\t<\/div>\n\t\t<\/section>\n\t\t\t\t<section class=\"elementor-section elementor-top-section elementor-element elementor-element-e8b631b elementor-section-boxed elementor-section-height-default elementor-section-height-default\" data-id=\"e8b631b\" data-element_type=\"section\" data-e-type=\"section\">\n\t\t\t\t\t\t<div class=\"elementor-container elementor-column-gap-default\">\n\t\t\t\t\t<div class=\"elementor-column elementor-col-100 elementor-top-column elementor-element elementor-element-ff9b7cd\" data-id=\"ff9b7cd\" data-element_type=\"column\" data-e-type=\"column\">\n\t\t\t<div class=\"elementor-widget-wrap elementor-element-populated\">\n\t\t\t\t\t\t<div class=\"elementor-element elementor-element-b96c1be elementor-widget elementor-widget-spacer\" data-id=\"b96c1be\" data-element_type=\"widget\" data-e-type=\"widget\" data-widget_type=\"spacer.default\">\n\t\t\t\t<div class=\"elementor-widget-container\">\n\t\t\t\t\t\t\t<div class=\"elementor-spacer\">\n\t\t\t<div class=\"elementor-spacer-inner\"><\/div>\n\t\t<\/div>\n\t\t\t\t\t\t<\/div>\n\t\t\t\t<\/div>\n\t\t\t\t\t<\/div>\n\t\t<\/div>\n\t\t\t\t\t<\/div>\n\t\t<\/section>\n\t\t\t\t<section class=\"elementor-section elementor-top-section elementor-element elementor-element-c5210ac elementor-section-boxed elementor-section-height-default elementor-section-height-default\" data-id=\"c5210ac\" data-element_type=\"section\" data-e-type=\"section\">\n\t\t\t\t\t\t<div class=\"elementor-container elementor-column-gap-default\">\n\t\t\t\t\t<div class=\"elementor-column elementor-col-33 elementor-top-column elementor-element elementor-element-5571e75\" data-id=\"5571e75\" data-element_type=\"column\" data-e-type=\"column\">\n\t\t\t<div class=\"elementor-widget-wrap elementor-element-populated\">\n\t\t\t\t\t\t<div class=\"elementor-element elementor-element-6741a70 gallery-spacing-custom elementor-invisible elementor-widget elementor-widget-image-gallery\" data-id=\"6741a70\" data-element_type=\"widget\" data-e-type=\"widget\" data-settings=\"{&quot;_animation&quot;:&quot;pulse&quot;}\" data-widget_type=\"image-gallery.default\">\n\t\t\t\t<div class=\"elementor-widget-container\">\n\t\t\t\t\t\t\t<div class=\"elementor-image-gallery\">\n\t\t\t<div id='gallery-1' class='gallery galleryid-2756 gallery-columns-2 gallery-size-thumbnail'><figure class='gallery-item'>\n\t\t\t<div class='gallery-icon portrait'>\n\t\t\t\t<a data-elementor-open-lightbox=\"yes\" data-elementor-lightbox-slideshow=\"6741a70\" data-elementor-lightbox-title=\"Siebdrucken_1\" data-e-action-hash=\"#elementor-action%3Aaction%3Dlightbox%26settings%3DeyJpZCI6NDI4NywidXJsIjoiaHR0cHM6XC9cL2lubndlcmsub3JnXC93cC1jb250ZW50XC91cGxvYWRzXC8yMDI1XC8wMVwvU2llYmRydWNrZW5fMS5qcGciLCJzbGlkZXNob3ciOiI2NzQxYTcwIn0%3D\" href='https:\/\/innwerk.org\/wp-content\/uploads\/2025\/01\/Siebdrucken_1.jpg'><img decoding=\"async\" width=\"150\" height=\"150\" src=\"https:\/\/innwerk.org\/wp-content\/uploads\/2025\/01\/Siebdrucken_1-150x150.jpg\" class=\"attachment-thumbnail size-thumbnail\" alt=\"\" \/><\/a>\n\t\t\t<\/div><\/figure><figure class='gallery-item'>\n\t\t\t<div class='gallery-icon portrait'>\n\t\t\t\t<a data-elementor-open-lightbox=\"yes\" data-elementor-lightbox-slideshow=\"6741a70\" data-elementor-lightbox-title=\"Siebdrucken_4\" data-e-action-hash=\"#elementor-action%3Aaction%3Dlightbox%26settings%3DeyJpZCI6NDI5MCwidXJsIjoiaHR0cHM6XC9cL2lubndlcmsub3JnXC93cC1jb250ZW50XC91cGxvYWRzXC8yMDI1XC8wMVwvU2llYmRydWNrZW5fNC5qcGciLCJzbGlkZXNob3ciOiI2NzQxYTcwIn0%3D\" href='https:\/\/innwerk.org\/wp-content\/uploads\/2025\/01\/Siebdrucken_4.jpg'><img decoding=\"async\" width=\"150\" height=\"150\" src=\"https:\/\/innwerk.org\/wp-content\/uploads\/2025\/01\/Siebdrucken_4-150x150.jpg\" class=\"attachment-thumbnail size-thumbnail\" alt=\"\" \/><\/a>\n\t\t\t<\/div><\/figure><figure class='gallery-item'>\n\t\t\t<div class='gallery-icon portrait'>\n\t\t\t\t<a data-elementor-open-lightbox=\"yes\" data-elementor-lightbox-slideshow=\"6741a70\" data-elementor-lightbox-title=\"N\u00e4hen 1\" data-e-action-hash=\"#elementor-action%3Aaction%3Dlightbox%26settings%3DeyJpZCI6MzUzNiwidXJsIjoiaHR0cHM6XC9cL2lubndlcmsub3JnXC93cC1jb250ZW50XC91cGxvYWRzXC8yMDIzXC8wM1wvTmFlaGVuLTEuanBlZyIsInNsaWRlc2hvdyI6IjY3NDFhNzAifQ%3D%3D\" href='https:\/\/innwerk.org\/wp-content\/uploads\/2023\/03\/Naehen-1.jpeg'><img decoding=\"async\" width=\"150\" height=\"150\" src=\"https:\/\/innwerk.org\/wp-content\/uploads\/2023\/03\/Naehen-1-150x150.jpeg\" class=\"attachment-thumbnail size-thumbnail\" alt=\"\" \/><\/a>\n\t\t\t<\/div><\/figure><figure class='gallery-item'>\n\t\t\t<div class='gallery-icon portrait'>\n\t\t\t\t<a data-elementor-open-lightbox=\"yes\" data-elementor-lightbox-slideshow=\"6741a70\" data-elementor-lightbox-title=\"N\u00e4hen 1\" data-e-action-hash=\"#elementor-action%3Aaction%3Dlightbox%26settings%3DeyJpZCI6MzE2MywidXJsIjoiaHR0cHM6XC9cL2lubndlcmsub3JnXC93cC1jb250ZW50XC91cGxvYWRzXC8yMDIyXC8wN1wvMjItMDYtMjEtMjItMDQtMjMtMDgyMS1zY2FsZWQuanBnIiwic2xpZGVzaG93IjoiNjc0MWE3MCJ9\" href='https:\/\/innwerk.org\/wp-content\/uploads\/2022\/07\/22-06-21-22-04-23-0821-scaled.jpg'><img loading=\"lazy\" decoding=\"async\" width=\"150\" height=\"150\" src=\"https:\/\/innwerk.org\/wp-content\/uploads\/2022\/07\/22-06-21-22-04-23-0821-150x150.jpg\" class=\"attachment-thumbnail size-thumbnail\" alt=\"\" \/><\/a>\n\t\t\t<\/div><\/figure><figure class='gallery-item'>\n\t\t\t<div class='gallery-icon portrait'>\n\t\t\t\t<a data-elementor-open-lightbox=\"yes\" data-elementor-lightbox-slideshow=\"6741a70\" data-elementor-lightbox-title=\"N\u00e4hen 1\" data-e-action-hash=\"#elementor-action%3Aaction%3Dlightbox%26settings%3DeyJpZCI6MzE2MiwidXJsIjoiaHR0cHM6XC9cL2lubndlcmsub3JnXC93cC1jb250ZW50XC91cGxvYWRzXC8yMDIyXC8wN1wvMjItMDYtMjEtMjItMDQtMzYtMDgyNC1zY2FsZWQuanBnIiwic2xpZGVzaG93IjoiNjc0MWE3MCJ9\" href='https:\/\/innwerk.org\/wp-content\/uploads\/2022\/07\/22-06-21-22-04-36-0824-scaled.jpg'><img loading=\"lazy\" decoding=\"async\" width=\"150\" height=\"150\" src=\"https:\/\/innwerk.org\/wp-content\/uploads\/2022\/07\/22-06-21-22-04-36-0824-150x150.jpg\" class=\"attachment-thumbnail size-thumbnail\" alt=\"\" \/><\/a>\n\t\t\t<\/div><\/figure><figure class='gallery-item'>\n\t\t\t<div class='gallery-icon landscape'>\n\t\t\t\t<a data-elementor-open-lightbox=\"yes\" data-elementor-lightbox-slideshow=\"6741a70\" data-elementor-lightbox-title=\"N\u00e4hen 1\" data-e-action-hash=\"#elementor-action%3Aaction%3Dlightbox%26settings%3DeyJpZCI6MzIyOCwidXJsIjoiaHR0cHM6XC9cL2lubndlcmsub3JnXC93cC1jb250ZW50XC91cGxvYWRzXC8yMDIyXC8wN1wvTmFlaGJpbGQtMS5qcGVnIiwic2xpZGVzaG93IjoiNjc0MWE3MCJ9\" href='https:\/\/innwerk.org\/wp-content\/uploads\/2022\/07\/Naehbild-1.jpeg'><img loading=\"lazy\" decoding=\"async\" width=\"150\" height=\"150\" src=\"https:\/\/innwerk.org\/wp-content\/uploads\/2022\/07\/Naehbild-1-150x150.jpeg\" class=\"attachment-thumbnail size-thumbnail\" alt=\"\" \/><\/a>\n\t\t\t<\/div><\/figure>\n\t\t<\/div>\n\t\t<\/div>\n\t\t\t\t\t\t<\/div>\n\t\t\t\t<\/div>\n\t\t\t\t\t<\/div>\n\t\t<\/div>\n\t\t\t\t<div class=\"elementor-column elementor-col-33 elementor-top-column elementor-element elementor-element-4e3184f\" data-id=\"4e3184f\" data-element_type=\"column\" data-e-type=\"column\">\n\t\t\t<div class=\"elementor-widget-wrap elementor-element-populated\">\n\t\t\t\t\t\t<div class=\"elementor-element elementor-element-8849d68 elementor-widget elementor-widget-text-editor\" data-id=\"8849d68\" data-element_type=\"widget\" data-e-type=\"widget\" data-widget_type=\"text-editor.default\">\n\t\t\t\t<div class=\"elementor-widget-container\">\n\t\t\t\t\t\t\t\t\t<p style=\"text-align: left; padding-left: 40px;\">You want to realise your own sewing project or just shorten your trousers?<br \/>At the Innwerk you will find a large sewing table, a sewing machine, fabric scissors, pins and measuring tapes.<\/p><p style=\"text-align: left; padding-left: 40px;\">Since our equipment is constantly growing, it's best if you just drop by.\u00a0<\/p>\t\t\t\t\t\t\t\t<\/div>\n\t\t\t\t<\/div>\n\t\t\t\t<div class=\"elementor-element elementor-element-ce566e9 elementor-widget elementor-widget-text-editor\" data-id=\"ce566e9\" data-element_type=\"widget\" data-e-type=\"widget\" data-widget_type=\"text-editor.default\">\n\t\t\t\t<div class=\"elementor-widget-container\">\n\t\t\t\t\t\t\t\t\t<p style=\"padding-left: 40px;\"><strong>The person responsible for this area is currently not in Passau. If you have any questions, please contact us via the<\/strong> <a href=\"mailto:info@innwerk.org\">info@innwerk.org<\/a><\/p>\t\t\t\t\t\t\t\t<\/div>\n\t\t\t\t<\/div>\n\t\t\t\t\t<\/div>\n\t\t<\/div>\n\t\t\t\t<div class=\"elementor-column elementor-col-33 elementor-top-column elementor-element elementor-element-e863fc3\" data-id=\"e863fc3\" data-element_type=\"column\" data-e-type=\"column\">\n\t\t\t<div class=\"elementor-widget-wrap elementor-element-populated\">\n\t\t\t\t\t\t<div class=\"elementor-element elementor-element-47da0e7 elementor-invisible elementor-widget elementor-widget-image\" data-id=\"47da0e7\" data-element_type=\"widget\" data-e-type=\"widget\" data-settings=\"{&quot;_animation&quot;:&quot;pulse&quot;}\" data-widget_type=\"image.default\">\n\t\t\t\t<div class=\"elementor-widget-container\">\n\t\t\t\t\t\t\t\t\t\t\t\t\t\t\t\t<a href=\"https:\/\/innwerk.org\/en\/team\/?krissi\">\n\t\t\t\t\t\t\t<img loading=\"lazy\" decoding=\"async\" width=\"225\" height=\"300\" src=\"https:\/\/innwerk.org\/wp-content\/uploads\/2025\/01\/Siebdrucken_2-225x300.jpg\" class=\"elementor-animation-shrink attachment-medium size-medium wp-image-4288\" alt=\"\" srcset=\"https:\/\/innwerk.org\/wp-content\/uploads\/2025\/01\/Siebdrucken_2-225x300.jpg 225w, https:\/\/innwerk.org\/wp-content\/uploads\/2025\/01\/Siebdrucken_2-768x1024.jpg 768w, https:\/\/innwerk.org\/wp-content\/uploads\/2025\/01\/Siebdrucken_2-1152x1536.jpg 1152w, https:\/\/innwerk.org\/wp-content\/uploads\/2025\/01\/Siebdrucken_2-9x12.jpg 9w, https:\/\/innwerk.org\/wp-content\/uploads\/2025\/01\/Siebdrucken_2.jpg 1200w\" sizes=\"(max-width: 225px) 100vw, 225px\" \/>\t\t\t\t\t\t\t\t<\/a>\n\t\t\t\t\t\t\t\t\t\t\t\t\t\t\t<\/div>\n\t\t\t\t<\/div>\n\t\t\t\t<div class=\"elementor-element elementor-element-7695a9b elementor-hidden-desktop elementor-hidden-tablet elementor-hidden-mobile elementor-widget elementor-widget-text-editor\" data-id=\"7695a9b\" data-element_type=\"widget\" data-e-type=\"widget\" data-widget_type=\"text-editor.default\">\n\t\t\t\t<div class=\"elementor-widget-container\">\n\t\t\t\t\t\t\t\t\t<p>Contact person<br \/><strong>KRISSI<\/strong><br \/><a href=\"mailto:info@innwerk.org?Subject=Anfrage%20Textil\">info@innwerk.org<\/a><\/p>\t\t\t\t\t\t\t\t<\/div>\n\t\t\t\t<\/div>\n\t\t\t\t\t<\/div>\n\t\t<\/div>\n\t\t\t\t\t<\/div>\n\t\t<\/section>\n\t\t\t\t<section class=\"elementor-section elementor-top-section elementor-element elementor-element-6739e60 elementor-section-boxed elementor-section-height-default elementor-section-height-default\" data-id=\"6739e60\" data-element_type=\"section\" data-e-type=\"section\">\n\t\t\t\t\t\t<div class=\"elementor-container elementor-column-gap-default\">\n\t\t\t\t\t<div class=\"elementor-column elementor-col-100 elementor-top-column elementor-element elementor-element-9e7987a\" data-id=\"9e7987a\" data-element_type=\"column\" data-e-type=\"column\">\n\t\t\t<div class=\"elementor-widget-wrap elementor-element-populated\">\n\t\t\t\t\t\t<div class=\"elementor-element elementor-element-875c68c elementor-widget elementor-widget-spacer\" data-id=\"875c68c\" data-element_type=\"widget\" data-e-type=\"widget\" data-widget_type=\"spacer.default\">\n\t\t\t\t<div class=\"elementor-widget-container\">\n\t\t\t\t\t\t\t<div class=\"elementor-spacer\">\n\t\t\t<div class=\"elementor-spacer-inner\"><\/div>\n\t\t<\/div>\n\t\t\t\t\t\t<\/div>\n\t\t\t\t<\/div>\n\t\t\t\t\t<\/div>\n\t\t<\/div>\n\t\t\t\t\t<\/div>\n\t\t<\/section>\n\t\t\t\t<\/div>","protected":false},"excerpt":{"rendered":"<p>Die Textil-Werkstatt Du m\u00f6chtest dein eigenes N\u00e4hprojekt verwirklichen oder auch nur deine Hose k\u00fcrzer n\u00e4hen?Im Innwerk findest du daf\u00fcr einen gro\u00dfen N\u00e4htisch eine N\u00e4hmaschine, Stoffscheren, Stecknadeln und Ma\u00dfb\u00e4nder. Da unsere Ausstattung stetig w\u00e4chst ist es am besten, wenn du einfach mal vorbeischaust.\u00a0 Die zust\u00e4ndige Person f\u00fcr diesen Bereich ist aktuell nicht in Passau. Wende dich&hellip;&nbsp;<a href=\"https:\/\/innwerk.org\/en\/werkstatt\/textil\/\" rel=\"bookmark\">Read More &raquo;<span class=\"screen-reader-text\">Textil-Werkstatt<\/span><\/a><\/p>","protected":false},"author":4,"featured_media":0,"parent":338,"menu_order":0,"comment_status":"closed","ping_status":"closed","template":"page-templates\/template-pagebuilder-full-width.php","meta":{"neve_meta_sidebar":"","neve_meta_container":"","neve_meta_enable_content_width":"","neve_meta_content_width":0,"neve_meta_title_alignment":"","neve_meta_author_avatar":"","neve_post_elements_order":"","neve_meta_disable_header":"","neve_meta_disable_footer":"","neve_meta_disable_title":"","_vp_format_video_url":"","_vp_image_focal_point":[],"footnotes":""},"class_list":["post-2756","page","type-page","status-publish","hentry"],"_links":{"self":[{"href":"https:\/\/innwerk.org\/en\/wp-json\/wp\/v2\/pages\/2756","targetHints":{"allow":["GET"]}}],"collection":[{"href":"https:\/\/innwerk.org\/en\/wp-json\/wp\/v2\/pages"}],"about":[{"href":"https:\/\/innwerk.org\/en\/wp-json\/wp\/v2\/types\/page"}],"author":[{"embeddable":true,"href":"https:\/\/innwerk.org\/en\/wp-json\/wp\/v2\/users\/4"}],"replies":[{"embeddable":true,"href":"https:\/\/innwerk.org\/en\/wp-json\/wp\/v2\/comments?post=2756"}],"version-history":[{"count":44,"href":"https:\/\/innwerk.org\/en\/wp-json\/wp\/v2\/pages\/2756\/revisions"}],"predecessor-version":[{"id":4545,"href":"https:\/\/innwerk.org\/en\/wp-json\/wp\/v2\/pages\/2756\/revisions\/4545"}],"up":[{"embeddable":true,"href":"https:\/\/innwerk.org\/en\/wp-json\/wp\/v2\/pages\/338"}],"wp:attachment":[{"href":"https:\/\/innwerk.org\/en\/wp-json\/wp\/v2\/media?parent=2756"}],"curies":[{"name":"wp","href":"https:\/\/api.w.org\/{rel}","templated":true}]}}