{"id":2730,"date":"2022-06-07T12:53:56","date_gmt":"2022-06-07T10:53:56","guid":{"rendered":"https:\/\/innwerk.org\/?page_id=2730"},"modified":"2025-09-04T16:10:11","modified_gmt":"2025-09-04T14:10:11","slug":"fahrrad","status":"publish","type":"page","link":"https:\/\/innwerk.org\/en\/werkstatt\/fahrrad\/","title":{"rendered":"Fahrrad-Werkstatt"},"content":{"rendered":"<div data-elementor-type=\"wp-page\" data-elementor-id=\"2730\" class=\"elementor elementor-2730\">\n\t\t\t\t\t\t<section class=\"elementor-section elementor-top-section elementor-element elementor-element-5d2bf2f elementor-section-boxed elementor-section-height-default elementor-section-height-default\" data-id=\"5d2bf2f\" data-element_type=\"section\" data-e-type=\"section\">\n\t\t\t\t\t\t<div class=\"elementor-container elementor-column-gap-default\">\n\t\t\t\t\t<div class=\"elementor-column elementor-col-100 elementor-top-column elementor-element elementor-element-ee53519\" data-id=\"ee53519\" data-element_type=\"column\" data-e-type=\"column\">\n\t\t\t<div class=\"elementor-widget-wrap elementor-element-populated\">\n\t\t\t\t\t\t<div class=\"elementor-element elementor-element-a87d046 elementor-widget elementor-widget-spacer\" data-id=\"a87d046\" data-element_type=\"widget\" data-e-type=\"widget\" data-widget_type=\"spacer.default\">\n\t\t\t\t<div class=\"elementor-widget-container\">\n\t\t\t\t\t\t\t<div class=\"elementor-spacer\">\n\t\t\t<div class=\"elementor-spacer-inner\"><\/div>\n\t\t<\/div>\n\t\t\t\t\t\t<\/div>\n\t\t\t\t<\/div>\n\t\t\t\t\t<\/div>\n\t\t<\/div>\n\t\t\t\t\t<\/div>\n\t\t<\/section>\n\t\t\t\t<section class=\"elementor-section elementor-top-section elementor-element elementor-element-534255c elementor-section-boxed elementor-section-height-default elementor-section-height-default\" data-id=\"534255c\" data-element_type=\"section\" data-e-type=\"section\">\n\t\t\t\t\t\t<div class=\"elementor-container elementor-column-gap-default\">\n\t\t\t\t\t<div class=\"elementor-column elementor-col-100 elementor-top-column elementor-element elementor-element-eb65a6a\" data-id=\"eb65a6a\" data-element_type=\"column\" data-e-type=\"column\">\n\t\t\t<div class=\"elementor-widget-wrap elementor-element-populated\">\n\t\t\t\t\t\t<div class=\"elementor-element elementor-element-d986cea elementor-widget elementor-widget-heading\" data-id=\"d986cea\" data-element_type=\"widget\" data-e-type=\"widget\" data-widget_type=\"heading.default\">\n\t\t\t\t<div class=\"elementor-widget-container\">\n\t\t\t\t\t<h2 class=\"elementor-heading-title elementor-size-default\">The Bicycle Garage<\/h2>\t\t\t\t<\/div>\n\t\t\t\t<\/div>\n\t\t\t\t\t<\/div>\n\t\t<\/div>\n\t\t\t\t\t<\/div>\n\t\t<\/section>\n\t\t\t\t<section class=\"elementor-section elementor-top-section elementor-element elementor-element-30bf523 elementor-section-boxed elementor-section-height-default elementor-section-height-default\" data-id=\"30bf523\" data-element_type=\"section\" data-e-type=\"section\">\n\t\t\t\t\t\t<div class=\"elementor-container elementor-column-gap-default\">\n\t\t\t\t\t<div class=\"elementor-column elementor-col-100 elementor-top-column elementor-element elementor-element-013fcbb\" data-id=\"013fcbb\" data-element_type=\"column\" data-e-type=\"column\">\n\t\t\t<div class=\"elementor-widget-wrap elementor-element-populated\">\n\t\t\t\t\t\t<div class=\"elementor-element elementor-element-6271f9b elementor-widget elementor-widget-spacer\" data-id=\"6271f9b\" data-element_type=\"widget\" data-e-type=\"widget\" data-widget_type=\"spacer.default\">\n\t\t\t\t<div class=\"elementor-widget-container\">\n\t\t\t\t\t\t\t<div class=\"elementor-spacer\">\n\t\t\t<div class=\"elementor-spacer-inner\"><\/div>\n\t\t<\/div>\n\t\t\t\t\t\t<\/div>\n\t\t\t\t<\/div>\n\t\t\t\t\t<\/div>\n\t\t<\/div>\n\t\t\t\t\t<\/div>\n\t\t<\/section>\n\t\t\t\t<section class=\"elementor-section elementor-top-section elementor-element elementor-element-9fb1b25 elementor-section-boxed elementor-section-height-default elementor-section-height-default\" data-id=\"9fb1b25\" data-element_type=\"section\" data-e-type=\"section\">\n\t\t\t\t\t\t<div class=\"elementor-container elementor-column-gap-default\">\n\t\t\t\t\t<div class=\"elementor-column elementor-col-33 elementor-top-column elementor-element elementor-element-083f2e7\" data-id=\"083f2e7\" data-element_type=\"column\" data-e-type=\"column\">\n\t\t\t<div class=\"elementor-widget-wrap elementor-element-populated\">\n\t\t\t\t\t\t<div class=\"elementor-element elementor-element-7e10ccb gallery-spacing-custom elementor-invisible elementor-widget elementor-widget-image-gallery\" data-id=\"7e10ccb\" data-element_type=\"widget\" data-e-type=\"widget\" data-settings=\"{&quot;_animation&quot;:&quot;pulse&quot;}\" data-widget_type=\"image-gallery.default\">\n\t\t\t\t<div class=\"elementor-widget-container\">\n\t\t\t\t\t\t\t<div class=\"elementor-image-gallery\">\n\t\t\t<div id='gallery-1' class='gallery galleryid-2730 gallery-columns-2 gallery-size-thumbnail'><figure class='gallery-item'>\n\t\t\t<div class='gallery-icon landscape'>\n\t\t\t\t<a data-elementor-open-lightbox=\"yes\" data-elementor-lightbox-slideshow=\"7e10ccb\" data-e-action-hash=\"#elementor-action%3Aaction%3Dlightbox%26settings%3DeyJpZCI6MjcyMSwidXJsIjoiaHR0cHM6XC9cL2lubndlcmsub3JnXC93cC1jb250ZW50XC91cGxvYWRzXC8yMDIyXC8wNlwvSG9jaGthbnQtRmFocnJhZC1zY2FsZWQtZTE3NTgxMzc3MDMxODcuanBnIiwic2xpZGVzaG93IjoiN2UxMGNjYiJ9\" href='https:\/\/innwerk.org\/wp-content\/uploads\/2022\/06\/Hochkant-Fahrrad-scaled-e1758137703187.jpg'><img decoding=\"async\" width=\"150\" height=\"150\" src=\"https:\/\/innwerk.org\/wp-content\/uploads\/2022\/06\/Hochkant-Fahrrad-150x150.jpg\" class=\"attachment-thumbnail size-thumbnail\" alt=\"\" srcset=\"https:\/\/innwerk.org\/wp-content\/uploads\/2022\/06\/Hochkant-Fahrrad-150x150.jpg 150w, https:\/\/innwerk.org\/wp-content\/uploads\/2022\/06\/Hochkant-Fahrrad-scaled-e1758137703187.jpg 4w\" sizes=\"(max-width: 150px) 100vw, 150px\" \/><\/a>\n\t\t\t<\/div><\/figure><figure class='gallery-item'>\n\t\t\t<div class='gallery-icon portrait'>\n\t\t\t\t<a data-elementor-open-lightbox=\"yes\" data-elementor-lightbox-slideshow=\"7e10ccb\" data-e-action-hash=\"#elementor-action%3Aaction%3Dlightbox%26settings%3DeyJpZCI6MTI4OCwidXJsIjoiaHR0cHM6XC9cL2lubndlcmsub3JnXC93cC1jb250ZW50XC91cGxvYWRzXC8yMDIyXC8wMlwvSU1HXzA5MDctc2NhbGVkLmpwZyIsInNsaWRlc2hvdyI6IjdlMTBjY2IifQ%3D%3D\" href='https:\/\/innwerk.org\/wp-content\/uploads\/2022\/02\/IMG_0907-scaled.jpg'><img decoding=\"async\" width=\"150\" height=\"150\" src=\"https:\/\/innwerk.org\/wp-content\/uploads\/2022\/02\/IMG_0907-150x150.jpg\" class=\"attachment-thumbnail size-thumbnail\" alt=\"\" \/><\/a>\n\t\t\t<\/div><\/figure><figure class='gallery-item'>\n\t\t\t<div class='gallery-icon landscape'>\n\t\t\t\t<a data-elementor-open-lightbox=\"yes\" data-elementor-lightbox-slideshow=\"7e10ccb\" data-e-action-hash=\"#elementor-action%3Aaction%3Dlightbox%26settings%3DeyJpZCI6MTI4NiwidXJsIjoiaHR0cHM6XC9cL2lubndlcmsub3JnXC93cC1jb250ZW50XC91cGxvYWRzXC8yMDIyXC8wMlwvSU1HXzA4ODgtc2NhbGVkLmpwZyIsInNsaWRlc2hvdyI6IjdlMTBjY2IifQ%3D%3D\" href='https:\/\/innwerk.org\/wp-content\/uploads\/2022\/02\/IMG_0888-scaled.jpg'><img decoding=\"async\" width=\"150\" height=\"150\" src=\"https:\/\/innwerk.org\/wp-content\/uploads\/2022\/02\/IMG_0888-150x150.jpg\" class=\"attachment-thumbnail size-thumbnail\" alt=\"\" aria-describedby=\"gallery-1-1286\" \/><\/a>\n\t\t\t<\/div>\n\t\t\t\t<figcaption class='wp-caption-text gallery-caption' id='gallery-1-1286'>\n\t\t\t\t??????????????\n\t\t\t\t<\/figcaption><\/figure><figure class='gallery-item'>\n\t\t\t<div class='gallery-icon portrait'>\n\t\t\t\t<a data-elementor-open-lightbox=\"yes\" data-elementor-lightbox-slideshow=\"7e10ccb\" data-e-action-hash=\"#elementor-action%3Aaction%3Dlightbox%26settings%3DeyJpZCI6Mjg3NSwidXJsIjoiaHR0cHM6XC9cL2lubndlcmsub3JnXC93cC1jb250ZW50XC91cGxvYWRzXC8yMDIyXC8wNlwvMTJEQTU0OTYtMzc4My00NTc2LThDMDgtNjY2OEFCNTU4RjBCLXNjYWxlZC5qcGVnIiwic2xpZGVzaG93IjoiN2UxMGNjYiJ9\" href='https:\/\/innwerk.org\/wp-content\/uploads\/2022\/06\/12DA5496-3783-4576-8C08-6668AB558F0B-scaled.jpeg'><img loading=\"lazy\" decoding=\"async\" width=\"150\" height=\"150\" src=\"https:\/\/innwerk.org\/wp-content\/uploads\/2022\/06\/12DA5496-3783-4576-8C08-6668AB558F0B-150x150.jpeg\" class=\"attachment-thumbnail size-thumbnail\" alt=\"\" \/><\/a>\n\t\t\t<\/div><\/figure><figure class='gallery-item'>\n\t\t\t<div class='gallery-icon portrait'>\n\t\t\t\t<a data-elementor-open-lightbox=\"yes\" data-elementor-lightbox-slideshow=\"7e10ccb\" data-e-action-hash=\"#elementor-action%3Aaction%3Dlightbox%26settings%3DeyJpZCI6MzE3NywidXJsIjoiaHR0cHM6XC9cL2lubndlcmsub3JnXC93cC1jb250ZW50XC91cGxvYWRzXC8yMDIyXC8wN1wvRTVGNEFEMEEtQUNGOS00NDlGLUJFRDUtM0M3MTMwNzFCNDRGLXNjYWxlZC5qcGVnIiwic2xpZGVzaG93IjoiN2UxMGNjYiJ9\" href='https:\/\/innwerk.org\/wp-content\/uploads\/2022\/07\/E5F4AD0A-ACF9-449F-BED5-3C713071B44F-scaled.jpeg'><img loading=\"lazy\" decoding=\"async\" width=\"150\" height=\"150\" src=\"https:\/\/innwerk.org\/wp-content\/uploads\/2022\/07\/E5F4AD0A-ACF9-449F-BED5-3C713071B44F-150x150.jpeg\" class=\"attachment-thumbnail size-thumbnail\" alt=\"\" \/><\/a>\n\t\t\t<\/div><\/figure>\n\t\t<\/div>\n\t\t<\/div>\n\t\t\t\t\t\t<\/div>\n\t\t\t\t<\/div>\n\t\t\t\t\t<\/div>\n\t\t<\/div>\n\t\t\t\t<div class=\"elementor-column elementor-col-33 elementor-top-column elementor-element elementor-element-d58523d\" data-id=\"d58523d\" data-element_type=\"column\" data-e-type=\"column\">\n\t\t\t<div class=\"elementor-widget-wrap elementor-element-populated\">\n\t\t\t\t\t\t<div class=\"elementor-element elementor-element-a75228a elementor-widget elementor-widget-text-editor\" data-id=\"a75228a\" data-element_type=\"widget\" data-e-type=\"widget\" data-widget_type=\"text-editor.default\">\n\t\t\t\t<div class=\"elementor-widget-container\">\n\t\t\t\t\t\t\t\t\t<p style=\"text-align: left; padding-left: 40px;\">The Innwerk is a perfect place for fixing or pepping up your bicycle. <br \/>We have tools for all minor problems with tyres, brakes, lights and gears, as well as special tools for your restoration project.<br \/><br \/>In January 2025, we received a lot of new tools. More on this <strong><a href=\"https:\/\/innwerk.org\/en\/grip-neues-fahrradwerkzeug\/\">here!<\/a><\/strong><\/p>\t\t\t\t\t\t\t\t<\/div>\n\t\t\t\t<\/div>\n\t\t\t\t<div class=\"elementor-element elementor-element-d0f981f elementor-widget elementor-widget-text-editor\" data-id=\"d0f981f\" data-element_type=\"widget\" data-e-type=\"widget\" data-widget_type=\"text-editor.default\">\n\t\t\t\t<div class=\"elementor-widget-container\">\n\t\t\t\t\t\t\t\t\t<p style=\"padding-left: 40px;\"><strong>For all questions regarding bicycles, please contact Pepe or Ruben.<\/strong><\/p>\t\t\t\t\t\t\t\t<\/div>\n\t\t\t\t<\/div>\n\t\t\t\t\t<\/div>\n\t\t<\/div>\n\t\t\t\t<div class=\"elementor-column elementor-col-33 elementor-top-column elementor-element elementor-element-eac6012\" data-id=\"eac6012\" data-element_type=\"column\" data-e-type=\"column\">\n\t\t\t<div class=\"elementor-widget-wrap elementor-element-populated\">\n\t\t\t\t\t\t<section class=\"elementor-section elementor-inner-section elementor-element elementor-element-6df4960 elementor-section-boxed elementor-section-height-default elementor-section-height-default\" data-id=\"6df4960\" data-element_type=\"section\" data-e-type=\"section\">\n\t\t\t\t\t\t<div class=\"elementor-container elementor-column-gap-default\">\n\t\t\t\t\t<div class=\"elementor-column elementor-col-50 elementor-inner-column elementor-element elementor-element-c03bbe5\" data-id=\"c03bbe5\" data-element_type=\"column\" data-e-type=\"column\">\n\t\t\t<div class=\"elementor-widget-wrap elementor-element-populated\">\n\t\t\t\t\t\t<div class=\"elementor-element elementor-element-2fa3150 elementor-invisible elementor-widget elementor-widget-image\" data-id=\"2fa3150\" data-element_type=\"widget\" data-e-type=\"widget\" data-settings=\"{&quot;_animation&quot;:&quot;pulse&quot;}\" data-widget_type=\"image.default\">\n\t\t\t\t<div class=\"elementor-widget-container\">\n\t\t\t\t\t\t\t\t\t\t\t\t\t\t\t\t<a href=\"https:\/\/innwerk.org\/en\/team\/?georg\">\n\t\t\t\t\t\t\t<img loading=\"lazy\" decoding=\"async\" width=\"2208\" height=\"2208\" src=\"https:\/\/innwerk.org\/wp-content\/uploads\/2022\/02\/Peppi-Pic.jpg\" class=\"elementor-animation-shrink attachment-full size-full wp-image-1385\" alt=\"\" srcset=\"https:\/\/innwerk.org\/wp-content\/uploads\/2022\/02\/Peppi-Pic.jpg 2208w, https:\/\/innwerk.org\/wp-content\/uploads\/2022\/02\/Peppi-Pic-300x300.jpg 300w, https:\/\/innwerk.org\/wp-content\/uploads\/2022\/02\/Peppi-Pic-1024x1024.jpg 1024w, https:\/\/innwerk.org\/wp-content\/uploads\/2022\/02\/Peppi-Pic-150x150.jpg 150w, https:\/\/innwerk.org\/wp-content\/uploads\/2022\/02\/Peppi-Pic-768x768.jpg 768w, https:\/\/innwerk.org\/wp-content\/uploads\/2022\/02\/Peppi-Pic-1536x1536.jpg 1536w, https:\/\/innwerk.org\/wp-content\/uploads\/2022\/02\/Peppi-Pic-2048x2048.jpg 2048w\" sizes=\"(max-width: 2208px) 100vw, 2208px\" \/>\t\t\t\t\t\t\t\t<\/a>\n\t\t\t\t\t\t\t\t\t\t\t\t\t\t\t<\/div>\n\t\t\t\t<\/div>\n\t\t\t\t<div class=\"elementor-element elementor-element-f2c7003 elementor-widget elementor-widget-text-editor\" data-id=\"f2c7003\" data-element_type=\"widget\" data-e-type=\"widget\" data-widget_type=\"text-editor.default\">\n\t\t\t\t<div class=\"elementor-widget-container\">\n\t\t\t\t\t\t\t\t\t<p><strong>PEPE<br \/><\/strong><a href=\"mailto:pepe@innwerk.org\">pepe@innwerk.org<\/a><strong><br \/><\/strong><\/p>\t\t\t\t\t\t\t\t<\/div>\n\t\t\t\t<\/div>\n\t\t\t\t\t<\/div>\n\t\t<\/div>\n\t\t\t\t<div class=\"elementor-column elementor-col-50 elementor-inner-column elementor-element elementor-element-8ce6c0a\" data-id=\"8ce6c0a\" data-element_type=\"column\" data-e-type=\"column\">\n\t\t\t<div class=\"elementor-widget-wrap elementor-element-populated\">\n\t\t\t\t\t\t<div class=\"elementor-element elementor-element-3336ea9 elementor-widget elementor-widget-image\" data-id=\"3336ea9\" data-element_type=\"widget\" data-e-type=\"widget\" data-widget_type=\"image.default\">\n\t\t\t\t<div class=\"elementor-widget-container\">\n\t\t\t\t\t\t\t\t\t\t\t\t\t\t\t\t<a href=\"https:\/\/innwerk.org\/en\/team\/?hannes\">\n\t\t\t\t\t\t\t<img loading=\"lazy\" decoding=\"async\" width=\"1024\" height=\"1024\" src=\"https:\/\/innwerk.org\/wp-content\/uploads\/2025\/01\/Ruben-1024x1024.jpg\" class=\"attachment-large size-large wp-image-4275\" alt=\"\" srcset=\"https:\/\/innwerk.org\/wp-content\/uploads\/2025\/01\/Ruben-1024x1024.jpg 1024w, https:\/\/innwerk.org\/wp-content\/uploads\/2025\/01\/Ruben-300x300.jpg 300w, https:\/\/innwerk.org\/wp-content\/uploads\/2025\/01\/Ruben-150x150.jpg 150w, https:\/\/innwerk.org\/wp-content\/uploads\/2025\/01\/Ruben-768x768.jpg 768w, https:\/\/innwerk.org\/wp-content\/uploads\/2025\/01\/Ruben-12x12.jpg 12w, https:\/\/innwerk.org\/wp-content\/uploads\/2025\/01\/Ruben.jpg 1200w\" sizes=\"(max-width: 1024px) 100vw, 1024px\" \/>\t\t\t\t\t\t\t\t<\/a>\n\t\t\t\t\t\t\t\t\t\t\t\t\t\t\t<\/div>\n\t\t\t\t<\/div>\n\t\t\t\t<div class=\"elementor-element elementor-element-52c3f1d elementor-widget elementor-widget-text-editor\" data-id=\"52c3f1d\" data-element_type=\"widget\" data-e-type=\"widget\" data-widget_type=\"text-editor.default\">\n\t\t\t\t<div class=\"elementor-widget-container\">\n\t\t\t\t\t\t\t\t\t<p><strong>RUBEN<br \/><\/strong><a href=\"mailto:info@innwerk.org\">info@innwerk.org<\/a><\/p>\t\t\t\t\t\t\t\t<\/div>\n\t\t\t\t<\/div>\n\t\t\t\t\t<\/div>\n\t\t<\/div>\n\t\t\t\t\t<\/div>\n\t\t<\/section>\n\t\t\t\t\t<\/div>\n\t\t<\/div>\n\t\t\t\t\t<\/div>\n\t\t<\/section>\n\t\t\t\t<section class=\"elementor-section elementor-top-section elementor-element elementor-element-ce68b82 elementor-section-boxed elementor-section-height-default elementor-section-height-default\" data-id=\"ce68b82\" data-element_type=\"section\" data-e-type=\"section\">\n\t\t\t\t\t\t<div class=\"elementor-container elementor-column-gap-default\">\n\t\t\t\t\t<div class=\"elementor-column elementor-col-100 elementor-top-column elementor-element elementor-element-cbd66ac\" data-id=\"cbd66ac\" data-element_type=\"column\" data-e-type=\"column\">\n\t\t\t<div class=\"elementor-widget-wrap elementor-element-populated\">\n\t\t\t\t\t\t<div class=\"elementor-element elementor-element-6c51cc5 elementor-widget elementor-widget-spacer\" data-id=\"6c51cc5\" data-element_type=\"widget\" data-e-type=\"widget\" data-widget_type=\"spacer.default\">\n\t\t\t\t<div class=\"elementor-widget-container\">\n\t\t\t\t\t\t\t<div class=\"elementor-spacer\">\n\t\t\t<div class=\"elementor-spacer-inner\"><\/div>\n\t\t<\/div>\n\t\t\t\t\t\t<\/div>\n\t\t\t\t<\/div>\n\t\t\t\t\t<\/div>\n\t\t<\/div>\n\t\t\t\t\t<\/div>\n\t\t<\/section>\n\t\t\t\t<\/div>","protected":false},"excerpt":{"rendered":"<p>Die Fahrrad-Werkstatt ?????????????? Das Innwerk ist ein perfekter Ort, um dein Fahrrad aufzum\u00f6beln oder zu reparieren. Wir haben Werkzeug f\u00fcr alle kleinen Problemchen an Reifen, Bremsen, Licht und Schaltung sowie Spezialwerkzeug f\u00fcr dein Restaurationsprojekt. Im Januar haben wir eine Menge neues werkzeiug bekommen. Mehr dazu hier! F\u00fcr alle Fragen rund ums Fahrrad wende dich bitte&hellip;&nbsp;<a href=\"https:\/\/innwerk.org\/en\/werkstatt\/fahrrad\/\" rel=\"bookmark\">Read More &raquo;<span class=\"screen-reader-text\">Fahrrad-Werkstatt<\/span><\/a><\/p>","protected":false},"author":4,"featured_media":0,"parent":338,"menu_order":0,"comment_status":"closed","ping_status":"closed","template":"page-templates\/template-pagebuilder-full-width.php","meta":{"neve_meta_sidebar":"","neve_meta_container":"","neve_meta_enable_content_width":"","neve_meta_content_width":0,"neve_meta_title_alignment":"","neve_meta_author_avatar":"","neve_post_elements_order":"","neve_meta_disable_header":"","neve_meta_disable_footer":"","neve_meta_disable_title":"","_vp_format_video_url":"","_vp_image_focal_point":[],"footnotes":""},"class_list":["post-2730","page","type-page","status-publish","hentry"],"_links":{"self":[{"href":"https:\/\/innwerk.org\/en\/wp-json\/wp\/v2\/pages\/2730","targetHints":{"allow":["GET"]}}],"collection":[{"href":"https:\/\/innwerk.org\/en\/wp-json\/wp\/v2\/pages"}],"about":[{"href":"https:\/\/innwerk.org\/en\/wp-json\/wp\/v2\/types\/page"}],"author":[{"embeddable":true,"href":"https:\/\/innwerk.org\/en\/wp-json\/wp\/v2\/users\/4"}],"replies":[{"embeddable":true,"href":"https:\/\/innwerk.org\/en\/wp-json\/wp\/v2\/comments?post=2730"}],"version-history":[{"count":58,"href":"https:\/\/innwerk.org\/en\/wp-json\/wp\/v2\/pages\/2730\/revisions"}],"predecessor-version":[{"id":4557,"href":"https:\/\/innwerk.org\/en\/wp-json\/wp\/v2\/pages\/2730\/revisions\/4557"}],"up":[{"embeddable":true,"href":"https:\/\/innwerk.org\/en\/wp-json\/wp\/v2\/pages\/338"}],"wp:attachment":[{"href":"https:\/\/innwerk.org\/en\/wp-json\/wp\/v2\/media?parent=2730"}],"curies":[{"name":"wp","href":"https:\/\/api.w.org\/{rel}","templated":true}]}}